{"id":31118,"date":"2025-03-09T10:28:17","date_gmt":"2025-03-09T09:28:17","guid":{"rendered":"https:\/\/toprentapp.com\/strona-z-podziekowaniami"},"modified":"2025-03-12T09:03:17","modified_gmt":"2025-03-12T08:03:17","slug":"strona-z-podziekowaniami","status":"publish","type":"page","link":"https:\/\/toprentapp.com\/pl\/strona-z-podziekowaniami","title":{"rendered":"Strona z podzi\u0119kowaniami"},"content":{"rendered":"\t\t<div data-elementor-type=\"wp-page\" data-elementor-id=\"31118\" class=\"elementor elementor-31118 elementor-30986\">\n\t\t\t\t\t\t<section class=\"elementor-section-with-custom-width elementor-section elementor-top-section elementor-element elementor-element-17c932e elementor-section-height-min-height elementor-section-stretched elementor-section-boxed elementor-section-height-default elementor-section-items-middle sc_fly_static\" data-id=\"17c932e\" data-element_type=\"section\" data-settings=\"{&quot;background_background&quot;:&quot;classic&quot;,&quot;stretch_section&quot;:&quot;section-stretched&quot;}\">\n\t\t\t\t\t\t<div class=\"elementor-container elementor-column-gap-no\">\n\t\t\t\t\t<div class=\"elementor-column elementor-col-100 elementor-top-column elementor-element elementor-element-3e9a534 sc_inner_width_none sc_content_align_inherit sc_layouts_column_icons_position_left sc_fly_static\" data-id=\"3e9a534\" data-element_type=\"column\">\n\t\t\t<div class=\"elementor-widget-wrap elementor-element-populated\">\n\t\t\t\t\t\t<div class=\"elementor-element elementor-element-42abc22 elementor-widget elementor-widget-heading\" data-id=\"42abc22\" data-element_type=\"widget\" data-widget_type=\"heading.default\">\n\t\t\t\t\t<h2 class=\"elementor-heading-title elementor-size-default\">Wypr\u00f3buj TopRent ju\u017c teraz!<\/h2>\t\t\t\t<\/div>\n\t\t\t\t<div class=\"elementor-element elementor-element-0ba9c44 elementor-widget elementor-widget-heading\" data-id=\"0ba9c44\" data-element_type=\"widget\" data-widget_type=\"heading.default\">\n\t\t\t\t\t<h3 class=\"elementor-heading-title elementor-size-default\">U\u017cyj tych po\u015bwiadcze\u0144, aby uzyska\u0107 dost\u0119p do naszej wersji demonstracyjnej.  <b>Kliknij, aby \u0142atwo skopiowa\u0107 i wklei\u0107!<\/b><\/h3>\t\t\t\t<\/div>\n\t\t\t\t<section class=\"elementor-section elementor-inner-section elementor-element elementor-element-ade704a elementor-section-boxed elementor-section-height-default elementor-section-height-default sc_fly_static\" data-id=\"ade704a\" data-element_type=\"section\">\n\t\t\t\t\t\t<div class=\"elementor-container elementor-column-gap-extended\">\n\t\t\t\t\t<div class=\"elementor-column elementor-col-50 elementor-inner-column elementor-element elementor-element-4ce2c9c sc_inner_width_none sc_content_align_inherit sc_layouts_column_icons_position_left sc_fly_static\" data-id=\"4ce2c9c\" data-element_type=\"column\">\n\t\t\t<div class=\"elementor-widget-wrap elementor-element-populated\">\n\t\t\t\t\t\t<div class=\"elementor-element elementor-element-2fb68bc elementor-widget elementor-widget-heading\" data-id=\"2fb68bc\" data-element_type=\"widget\" data-widget_type=\"heading.default\">\n\t\t\t\t\t<h2 class=\"elementor-heading-title elementor-size-default\">Konto demo<\/h2>\t\t\t\t<\/div>\n\t\t\t\t<div class=\"elementor-element elementor-element-f418f86 elementor-widget elementor-widget-html\" data-id=\"f418f86\" data-element_type=\"widget\" data-widget_type=\"html.default\">\n\t\t\t\t\t<p><strong style=\"color: white;\">Link:<\/strong> \n    <a href=\"https:\/\/cloud.toprent.app\/sign-in\" target=\"_blank\" style=\"color: white; text-decoration: underline; font-weight: bold;\">https:\/\/cloud.toprent.app\/sign-in<\/a>\n<\/p>\n\n<p>\n    <strong style=\"color: white;\">Email:<\/strong> \n    <span id=\"email\" class=\"copy-text\" style=\"color: white; cursor: pointer; font-weight: normal;\">test@toprent.app<\/span> \n    <button onclick=\"copyToClipboard('email', this)\" class=\"copy-btn\">\ud83d\udccb<\/button>\n    <span class=\"copied-text\" id=\"emailCopied\"><\/span>\n<\/p>\n\n<p>\n    <strong style=\"color: white;\">Has\u0142o:<\/strong> \n    <span id=\"password\" class=\"copy-text\" style=\"color: white; cursor: pointer; font-weight: normal;\">democompany<\/span> \n    <button onclick=\"copyToClipboard('password', this)\" class=\"copy-btn\">\ud83d\udccb<\/button>\n    <span class=\"copied-text\" id=\"passwordCopied\"><\/span>\n<\/p>\n\n<style>\n.copy-btn {\n    background: rgba(255, 255, 255, 0.2);\n    border: none;\n    color: white;\n    padding: 5px 8px;\n    border-radius: 5px;\n    cursor: pointer;\n    transition: background 0.3s;\n    font-size: 16px;\n}\n\n.copy-btn:hover {\n    background: rgba(255, 255, 255, 0.4);\n}\n\n.copy-text {\n    cursor: pointer;\n    font-size: 16px;\n}\n\n.copied-text {\n    color: white;\n    font-size: 14px;\n    font-weight: bold;\n    margin-left: 10px;\n    opacity: 0;\n    transition: opacity 0.3s;\n}\n<\/style>\n\n<script>\nfunction copyToClipboard(elementId, button = null) {\n    var text = document.getElementById(elementId).innerText;\n    var copiedText = document.getElementById(elementId + \"Copied\"); \/\/ Seleziona il messaggio \"Copiato!\"\n    \n    navigator.clipboard.writeText(text).then(function() {\n        copiedText.innerText = \"\u2705  Copied\";\n        copiedText.style.opacity = \"1\"; \/\/ Mostra \"Copiato!\"\n        \n        setTimeout(() =&gt; {\n            copiedText.style.opacity = \"0\"; \/\/ Nasconde \"Copiato!\" dopo 2s\n        }, 2000);\n\n        if (button) {\n            button.innerText = \"\u2705 Copied!\";\n            setTimeout(() =&gt; { button.innerText = \"\ud83d\udccb\"; }, 2000);\n        }\n    });\n}\n\n\/\/ Aggiunge la funzione di copia anche al click sul testo\ndocument.querySelectorAll('.copy-text').forEach(item =&gt; {\n    item.addEventListener('click', function() {\n        copyToClipboard(this.id);\n    });\n});\n<\/script>\t\t\t\t<\/div>\n\t\t\t\t<div class=\"elementor-element elementor-element-cea3a67 elementor-mobile-align-justify elementor-widget elementor-widget-button\" data-id=\"cea3a67\" data-element_type=\"widget\" data-widget_type=\"button.default\">\n\t\t\t\t\t\t\t\t\t\t<a class=\"elementor-button elementor-button-link elementor-size-sm\" href=\"https:\/\/cloud.toprent.app\/sign-in\" target=\"_blank\">\n\t\t\t\t\t\t<span class=\"elementor-button-content-wrapper\">\n\t\t\t\t\t\t<span class=\"elementor-button-icon\">\n\t\t\t\t<i aria-hidden=\"true\" class=\"fas fa-arrow-right\"><\/i>\t\t\t<\/span>\n\t\t\t\t\t\t\t\t\t<span class=\"elementor-button-text\">Otw\u00f3rz aplikacj\u0119 demonstracyjn\u0105<\/span>\n\t\t\t\t\t<\/span>\n\t\t\t\t\t<\/a>\n\t\t\t\t\t\t\t\t<\/div>\n\t\t\t\t\t<\/div>\n\t\t<\/div>\n\t\t\t\t<div class=\"elementor-column elementor-col-50 elementor-inner-column elementor-element elementor-element-a428658 sc_inner_width_none sc_content_align_inherit sc_layouts_column_icons_position_left sc_fly_static\" data-id=\"a428658\" data-element_type=\"column\">\n\t\t\t<div class=\"elementor-widget-wrap elementor-element-populated\">\n\t\t\t\t\t\t<div class=\"elementor-element elementor-element-2f9f5a1 elementor-widget elementor-widget-image\" data-id=\"2f9f5a1\" data-element_type=\"widget\" data-widget_type=\"image.default\">\n\t\t\t\t\t\t\t\t\t\t\t\t\t\t\t<img fetchpriority=\"high\" decoding=\"async\" width=\"697\" height=\"505\" src=\"https:\/\/toprentapp.com\/wp-content\/uploads\/2023\/12\/first_screen_2.webp\" class=\"attachment-large size-large wp-image-22196\" alt=\"Car booking calendar in TRA\" \/>\t\t\t\t\t\t\t\t\t\t\t\t\t\t\t<\/div>\n\t\t\t\t\t<\/div>\n\t\t<\/div>\n\t\t\t\t\t<\/div>\n\t\t<\/section>\n\t\t\t\t\t<\/div>\n\t\t<\/div>\n\t\t\t\t\t<\/div>\n\t\t<\/section>\n\t\t\t\t<\/div>\n\t\t","protected":false},"excerpt":{"rendered":"<p>Wypr\u00f3buj TopRent ju\u017c teraz! U\u017cyj tych po\u015bwiadcze\u0144, aby uzyska\u0107 dost\u0119p do naszej wersji demonstracyjnej. Kliknij, aby \u0142atwo skopiowa\u0107 i wklei\u0107! Konto demo Link: https:\/\/cloud.toprent.app\/sign-in Email: test@toprent.app \ud83d\udccb Has\u0142o: democompany \ud83d\udccb&hellip;<\/p>\n","protected":false},"author":4,"featured_media":0,"parent":0,"menu_order":0,"comment_status":"closed","ping_status":"closed","template":"elementor_theme","meta":{"_acf_changed":false,"footnotes":""},"class_list":["post-31118","page","type-page","status-publish","hentry"],"acf":[],"yoast_head":"<!-- This site is optimized with the Yoast SEO plugin v27.1.1 - https:\/\/yoast.com\/product\/yoast-seo-wordpress\/ -->\n<title>Strona z podzi\u0119kowaniami - TopRentApp<\/title>\n<meta name=\"robots\" content=\"index, follow, max-snippet:-1, max-image-preview:large, max-video-preview:-1\" \/>\n<link rel=\"canonical\" href=\"https:\/\/toprentapp.com\/pl\/strona-z-podziekowaniami\" \/>\n<meta property=\"og:locale\" content=\"pl_PL\" \/>\n<meta property=\"og:type\" content=\"article\" \/>\n<meta property=\"og:title\" content=\"Strona z podzi\u0119kowaniami - TopRentApp\" \/>\n<meta property=\"og:description\" content=\"Wypr\u00f3buj TopRent ju\u017c teraz! U\u017cyj tych po\u015bwiadcze\u0144, aby uzyska\u0107 dost\u0119p do naszej wersji demonstracyjnej. Kliknij, aby \u0142atwo skopiowa\u0107 i wklei\u0107! Konto demo Link: https:\/\/cloud.toprent.app\/sign-in Email: test@toprent.app \ud83d\udccb Has\u0142o: democompany \ud83d\udccb&hellip;\" \/>\n<meta property=\"og:url\" content=\"https:\/\/toprentapp.com\/pl\/strona-z-podziekowaniami\" \/>\n<meta property=\"og:site_name\" content=\"TopRentApp\" \/>\n<meta property=\"article:publisher\" content=\"https:\/\/www.facebook.com\/toprentappitalia\/\" \/>\n<meta property=\"article:modified_time\" content=\"2025-03-12T08:03:17+00:00\" \/>\n<meta property=\"og:image\" content=\"https:\/\/toprentapp.com\/wp-content\/uploads\/2023\/12\/first_screen_2.webp\" \/>\n\t<meta property=\"og:image:width\" content=\"697\" \/>\n\t<meta property=\"og:image:height\" content=\"505\" \/>\n\t<meta property=\"og:image:type\" content=\"image\/webp\" \/>\n<meta name=\"twitter:card\" content=\"summary_large_image\" \/>\n<script type=\"application\/ld+json\" class=\"yoast-schema-graph\">{\"@context\":\"https:\/\/schema.org\",\"@graph\":[{\"@type\":\"WebPage\",\"@id\":\"https:\/\/toprentapp.com\/pl\/strona-z-podziekowaniami\",\"url\":\"https:\/\/toprentapp.com\/pl\/strona-z-podziekowaniami\",\"name\":\"Strona z podzi\u0119kowaniami - TopRentApp\",\"isPartOf\":{\"@id\":\"https:\/\/toprentapp.com\/en\/#website\"},\"primaryImageOfPage\":{\"@id\":\"https:\/\/toprentapp.com\/pl\/strona-z-podziekowaniami#primaryimage\"},\"image\":{\"@id\":\"https:\/\/toprentapp.com\/pl\/strona-z-podziekowaniami#primaryimage\"},\"thumbnailUrl\":\"https:\/\/toprentapp.com\/wp-content\/uploads\/2023\/12\/first_screen_2.webp\",\"datePublished\":\"2025-03-09T09:28:17+00:00\",\"dateModified\":\"2025-03-12T08:03:17+00:00\",\"breadcrumb\":{\"@id\":\"https:\/\/toprentapp.com\/pl\/strona-z-podziekowaniami#breadcrumb\"},\"inLanguage\":\"pl-PL\",\"potentialAction\":[{\"@type\":\"ReadAction\",\"target\":[\"https:\/\/toprentapp.com\/pl\/strona-z-podziekowaniami\"]}]},{\"@type\":\"ImageObject\",\"inLanguage\":\"pl-PL\",\"@id\":\"https:\/\/toprentapp.com\/pl\/strona-z-podziekowaniami#primaryimage\",\"url\":\"https:\/\/toprentapp.com\/wp-content\/uploads\/2023\/12\/first_screen_2.webp\",\"contentUrl\":\"https:\/\/toprentapp.com\/wp-content\/uploads\/2023\/12\/first_screen_2.webp\"},{\"@type\":\"BreadcrumbList\",\"@id\":\"https:\/\/toprentapp.com\/pl\/strona-z-podziekowaniami#breadcrumb\",\"itemListElement\":[{\"@type\":\"ListItem\",\"position\":1,\"name\":\"Home\",\"item\":\"https:\/\/toprentapp.com\/pl\"},{\"@type\":\"ListItem\",\"position\":2,\"name\":\"Strona z podzi\u0119kowaniami\"}]},{\"@type\":\"WebSite\",\"@id\":\"https:\/\/toprentapp.com\/en\/#website\",\"url\":\"https:\/\/toprentapp.com\/en\/\",\"name\":\"TopRentApp\",\"description\":\"Car Rental Management Software &amp; CRM Solution\",\"publisher\":{\"@id\":\"https:\/\/toprentapp.com\/en\/#organization\"},\"potentialAction\":[{\"@type\":\"SearchAction\",\"target\":{\"@type\":\"EntryPoint\",\"urlTemplate\":\"https:\/\/toprentapp.com\/en\/?s={search_term_string}\"},\"query-input\":{\"@type\":\"PropertyValueSpecification\",\"valueRequired\":true,\"valueName\":\"search_term_string\"}}],\"inLanguage\":\"pl-PL\"},{\"@type\":\"Organization\",\"@id\":\"https:\/\/toprentapp.com\/en\/#organization\",\"name\":\"TopRentApp\",\"url\":\"https:\/\/toprentapp.com\/en\/\",\"logo\":{\"@type\":\"ImageObject\",\"inLanguage\":\"pl-PL\",\"@id\":\"https:\/\/toprentapp.com\/en\/#\/schema\/logo\/image\/\",\"url\":\"https:\/\/toprentapp.com\/wp-content\/uploads\/2024\/01\/logo.png\",\"contentUrl\":\"https:\/\/toprentapp.com\/wp-content\/uploads\/2024\/01\/logo.png\",\"width\":275,\"height\":36,\"caption\":\"TopRentApp\"},\"image\":{\"@id\":\"https:\/\/toprentapp.com\/en\/#\/schema\/logo\/image\/\"},\"sameAs\":[\"https:\/\/www.facebook.com\/toprentappitalia\/\",\"https:\/\/www.instagram.com\/toprentappitalia\/\"]}]}<\/script>\n<!-- \/ Yoast SEO plugin. -->","yoast_head_json":{"title":"Strona z podzi\u0119kowaniami - TopRentApp","robots":{"index":"index","follow":"follow","max-snippet":"max-snippet:-1","max-image-preview":"max-image-preview:large","max-video-preview":"max-video-preview:-1"},"canonical":"https:\/\/toprentapp.com\/pl\/strona-z-podziekowaniami","og_locale":"pl_PL","og_type":"article","og_title":"Strona z podzi\u0119kowaniami - TopRentApp","og_description":"Wypr\u00f3buj TopRent ju\u017c teraz! U\u017cyj tych po\u015bwiadcze\u0144, aby uzyska\u0107 dost\u0119p do naszej wersji demonstracyjnej. Kliknij, aby \u0142atwo skopiowa\u0107 i wklei\u0107! Konto demo Link: https:\/\/cloud.toprent.app\/sign-in Email: test@toprent.app \ud83d\udccb Has\u0142o: democompany \ud83d\udccb&hellip;","og_url":"https:\/\/toprentapp.com\/pl\/strona-z-podziekowaniami","og_site_name":"TopRentApp","article_publisher":"https:\/\/www.facebook.com\/toprentappitalia\/","article_modified_time":"2025-03-12T08:03:17+00:00","og_image":[{"width":697,"height":505,"url":"https:\/\/toprentapp.com\/wp-content\/uploads\/2023\/12\/first_screen_2.webp","type":"image\/webp"}],"twitter_card":"summary_large_image","schema":{"@context":"https:\/\/schema.org","@graph":[{"@type":"WebPage","@id":"https:\/\/toprentapp.com\/pl\/strona-z-podziekowaniami","url":"https:\/\/toprentapp.com\/pl\/strona-z-podziekowaniami","name":"Strona z podzi\u0119kowaniami - TopRentApp","isPartOf":{"@id":"https:\/\/toprentapp.com\/en\/#website"},"primaryImageOfPage":{"@id":"https:\/\/toprentapp.com\/pl\/strona-z-podziekowaniami#primaryimage"},"image":{"@id":"https:\/\/toprentapp.com\/pl\/strona-z-podziekowaniami#primaryimage"},"thumbnailUrl":"https:\/\/toprentapp.com\/wp-content\/uploads\/2023\/12\/first_screen_2.webp","datePublished":"2025-03-09T09:28:17+00:00","dateModified":"2025-03-12T08:03:17+00:00","breadcrumb":{"@id":"https:\/\/toprentapp.com\/pl\/strona-z-podziekowaniami#breadcrumb"},"inLanguage":"pl-PL","potentialAction":[{"@type":"ReadAction","target":["https:\/\/toprentapp.com\/pl\/strona-z-podziekowaniami"]}]},{"@type":"ImageObject","inLanguage":"pl-PL","@id":"https:\/\/toprentapp.com\/pl\/strona-z-podziekowaniami#primaryimage","url":"https:\/\/toprentapp.com\/wp-content\/uploads\/2023\/12\/first_screen_2.webp","contentUrl":"https:\/\/toprentapp.com\/wp-content\/uploads\/2023\/12\/first_screen_2.webp"},{"@type":"BreadcrumbList","@id":"https:\/\/toprentapp.com\/pl\/strona-z-podziekowaniami#breadcrumb","itemListElement":[{"@type":"ListItem","position":1,"name":"Home","item":"https:\/\/toprentapp.com\/pl"},{"@type":"ListItem","position":2,"name":"Strona z podzi\u0119kowaniami"}]},{"@type":"WebSite","@id":"https:\/\/toprentapp.com\/en\/#website","url":"https:\/\/toprentapp.com\/en\/","name":"TopRentApp","description":"Car Rental Management Software &amp; CRM Solution","publisher":{"@id":"https:\/\/toprentapp.com\/en\/#organization"},"potentialAction":[{"@type":"SearchAction","target":{"@type":"EntryPoint","urlTemplate":"https:\/\/toprentapp.com\/en\/?s={search_term_string}"},"query-input":{"@type":"PropertyValueSpecification","valueRequired":true,"valueName":"search_term_string"}}],"inLanguage":"pl-PL"},{"@type":"Organization","@id":"https:\/\/toprentapp.com\/en\/#organization","name":"TopRentApp","url":"https:\/\/toprentapp.com\/en\/","logo":{"@type":"ImageObject","inLanguage":"pl-PL","@id":"https:\/\/toprentapp.com\/en\/#\/schema\/logo\/image\/","url":"https:\/\/toprentapp.com\/wp-content\/uploads\/2024\/01\/logo.png","contentUrl":"https:\/\/toprentapp.com\/wp-content\/uploads\/2024\/01\/logo.png","width":275,"height":36,"caption":"TopRentApp"},"image":{"@id":"https:\/\/toprentapp.com\/en\/#\/schema\/logo\/image\/"},"sameAs":["https:\/\/www.facebook.com\/toprentappitalia\/","https:\/\/www.instagram.com\/toprentappitalia\/"]}]}},"_links":{"self":[{"href":"https:\/\/toprentapp.com\/pl\/wp-json\/wp\/v2\/pages\/31118","targetHints":{"allow":["GET"]}}],"collection":[{"href":"https:\/\/toprentapp.com\/pl\/wp-json\/wp\/v2\/pages"}],"about":[{"href":"https:\/\/toprentapp.com\/pl\/wp-json\/wp\/v2\/types\/page"}],"author":[{"embeddable":true,"href":"https:\/\/toprentapp.com\/pl\/wp-json\/wp\/v2\/users\/4"}],"replies":[{"embeddable":true,"href":"https:\/\/toprentapp.com\/pl\/wp-json\/wp\/v2\/comments?post=31118"}],"version-history":[{"count":1,"href":"https:\/\/toprentapp.com\/pl\/wp-json\/wp\/v2\/pages\/31118\/revisions"}],"predecessor-version":[{"id":31119,"href":"https:\/\/toprentapp.com\/pl\/wp-json\/wp\/v2\/pages\/31118\/revisions\/31119"}],"wp:attachment":[{"href":"https:\/\/toprentapp.com\/pl\/wp-json\/wp\/v2\/media?parent=31118"}],"curies":[{"name":"wp","href":"https:\/\/api.w.org\/{rel}","templated":true}]}}