{"id":22964,"date":"2023-12-28T14:28:57","date_gmt":"2023-12-28T13:28:57","guid":{"rendered":"http:\/\/yevgenl.sg-host.com\/metody-platnosci\/"},"modified":"2024-06-14T12:23:21","modified_gmt":"2024-06-14T10:23:21","slug":"metody-platnosci","status":"publish","type":"page","link":"https:\/\/toprentapp.com\/pl\/metody-platnosci","title":{"rendered":"Metody P\u0142atno\u015bci"},"content":{"rendered":"\t\t<div data-elementor-type=\"wp-page\" data-elementor-id=\"22964\" class=\"elementor elementor-22964 elementor-20125\" data-elementor-post-type=\"page\">\n\t\t\t\t\t\t<section class=\"elementor-section elementor-top-section elementor-element elementor-element-809273d elementor-section-boxed elementor-section-height-default elementor-section-height-default sc_fly_static\" data-id=\"809273d\" data-element_type=\"section\" data-e-type=\"section\">\n\t\t\t\t\t\t<div class=\"elementor-container elementor-column-gap-extended\">\n\t\t\t\t\t<div class=\"elementor-column elementor-col-100 elementor-top-column elementor-element elementor-element-96c9bd9 sc_inner_width_none sc_content_align_inherit sc_layouts_column_icons_position_left sc_fly_static\" data-id=\"96c9bd9\" data-element_type=\"column\" data-e-type=\"column\">\n\t\t\t<div class=\"elementor-widget-wrap elementor-element-populated\">\n\t\t\t\t\t\t<div class=\"elementor-element elementor-element-bff3708 sc_height_huge elementor-widget elementor-widget-spacer\" data-id=\"bff3708\" data-element_type=\"widget\" data-e-type=\"widget\" data-widget_type=\"spacer.default\">\n\t\t\t\t\t\t\t<div class=\"elementor-spacer\">\n\t\t\t<div class=\"elementor-spacer-inner\"><\/div>\n\t\t<\/div>\n\t\t\t\t\t\t<\/div>\n\t\t\t\t<section class=\"elementor-section elementor-inner-section elementor-element elementor-element-87409e3 elementor-section-boxed elementor-section-height-default elementor-section-height-default sc_fly_static\" data-id=\"87409e3\" data-element_type=\"section\" data-e-type=\"section\">\n\t\t\t\t\t\t<div class=\"elementor-container elementor-column-gap-no\">\n\t\t\t\t\t<div class=\"elementor-column elementor-col-50 elementor-inner-column elementor-element elementor-element-3abb026 sc_inner_width_none sc_content_align_inherit sc_layouts_column_icons_position_left sc_fly_static\" data-id=\"3abb026\" data-element_type=\"column\" data-e-type=\"column\">\n\t\t\t<div class=\"elementor-widget-wrap elementor-element-populated\">\n\t\t\t\t\t\t<div class=\"elementor-element elementor-element-d00461a sc_fly_static elementor-widget elementor-widget-trx_sc_title\" data-id=\"d00461a\" data-element_type=\"widget\" data-e-type=\"widget\" data-widget_type=\"trx_sc_title.default\">\n\t\t\t\t<div class=\"elementor-widget-container\">\n\t\t\t\t\t<div\t\tclass=\"sc_title sc_title_default\" ><h2 class=\"sc_item_title sc_title_title sc_item_title_style_default\"\n\t\t\t><span class=\"sc_item_title_text\">Metody P\u0142atno\u015bci<\/span><\/h2><div class=\"sc_item_descr sc_title_descr\"><p>Za nasze us\u0142ugi mo\u017cesz zap\u0142aci\u0107 w dowolny dogodny dla Ciebie spos\u00f3b, online dowoln\u0105 kart\u0105 bankow\u0105 lub danymi bankowymi got\u00f3wk\u0105 lub rachunkiem bie\u017c\u0105cym<\/p>\n<\/div><\/div>\t\t\t\t<\/div>\n\t\t\t\t<\/div>\n\t\t\t\t\t<\/div>\n\t\t<\/div>\n\t\t\t\t<div class=\"elementor-column elementor-col-50 elementor-inner-column elementor-element elementor-element-b56685f sc_inner_width_none sc_content_align_inherit sc_layouts_column_icons_position_left sc_fly_static\" data-id=\"b56685f\" data-element_type=\"column\" data-e-type=\"column\">\n\t\t\t<div class=\"elementor-widget-wrap\">\n\t\t\t\t\t\t\t<\/div>\n\t\t<\/div>\n\t\t\t\t\t<\/div>\n\t\t<\/section>\n\t\t\t\t<div class=\"elementor-element elementor-element-e3166ec sc_height_small elementor-widget elementor-widget-spacer\" data-id=\"e3166ec\" data-element_type=\"widget\" data-e-type=\"widget\" data-widget_type=\"spacer.default\">\n\t\t\t\t\t\t\t<div class=\"elementor-spacer\">\n\t\t\t<div class=\"elementor-spacer-inner\"><\/div>\n\t\t<\/div>\n\t\t\t\t\t\t<\/div>\n\t\t\t\t<div class=\"elementor-element elementor-element-ca6ab6f elementor-widget elementor-widget-heading\" data-id=\"ca6ab6f\" data-element_type=\"widget\" data-e-type=\"widget\" data-widget_type=\"heading.default\">\n\t\t\t\t\t<h5 class=\"elementor-heading-title elementor-size-default\">Akceptujemy p\u0142atno\u015bci:<\/h5>\t\t\t\t<\/div>\n\t\t\t\t<div class=\"elementor-element elementor-element-bb89c13 sc_height_small elementor-widget elementor-widget-spacer\" data-id=\"bb89c13\" data-element_type=\"widget\" data-e-type=\"widget\" data-widget_type=\"spacer.default\">\n\t\t\t\t\t\t\t<div class=\"elementor-spacer\">\n\t\t\t<div class=\"elementor-spacer-inner\"><\/div>\n\t\t<\/div>\n\t\t\t\t\t\t<\/div>\n\t\t\t\t<div class=\"elementor-element elementor-element-ae5a818 elementor-widget elementor-widget-heading\" data-id=\"ae5a818\" data-element_type=\"widget\" data-e-type=\"widget\" data-widget_type=\"heading.default\">\n\t\t\t\t\t<h6 class=\"elementor-heading-title elementor-size-default\">Karty kredytowe<\/h6>\t\t\t\t<\/div>\n\t\t\t\t<div class=\"elementor-element elementor-element-fd1d49f sc_height_tiny elementor-widget elementor-widget-spacer\" data-id=\"fd1d49f\" data-element_type=\"widget\" data-e-type=\"widget\" data-widget_type=\"spacer.default\">\n\t\t\t\t\t\t\t<div class=\"elementor-spacer\">\n\t\t\t<div class=\"elementor-spacer-inner\"><\/div>\n\t\t<\/div>\n\t\t\t\t\t\t<\/div>\n\t\t\t\t<section class=\"elementor-section elementor-inner-section elementor-element elementor-element-01739b9 elementor-section-boxed elementor-section-height-default elementor-section-height-default sc_fly_static\" data-id=\"01739b9\" data-element_type=\"section\" data-e-type=\"section\">\n\t\t\t\t\t\t<div class=\"elementor-container elementor-column-gap-no\">\n\t\t\t\t\t<div class=\"elementor-column elementor-col-100 elementor-inner-column elementor-element elementor-element-e834052 sc_inner_width_none sc_content_align_inherit sc_layouts_column_icons_position_left sc_fly_static\" data-id=\"e834052\" data-element_type=\"column\" data-e-type=\"column\">\n\t\t\t<div class=\"elementor-widget-wrap elementor-element-populated\">\n\t\t\t\t\t\t<div class=\"elementor-element elementor-element-2d01a5b elementor-widget__width-auto elementor-widget elementor-widget-image\" data-id=\"2d01a5b\" data-element_type=\"widget\" data-e-type=\"widget\" data-widget_type=\"image.default\">\n\t\t\t\t\t\t\t\t\t\t\t\t\t\t\t<img decoding=\"async\" width=\"105\" height=\"64\" src=\"https:\/\/toprentapp.com\/wp-content\/uploads\/2024\/01\/credit18.png\" class=\"attachment-full size-full wp-image-22511\" alt=\"Visa logo\" \/>\t\t\t\t\t\t\t\t\t\t\t\t\t\t\t<\/div>\n\t\t\t\t<div class=\"elementor-element elementor-element-40a5277 elementor-widget__width-auto elementor-widget elementor-widget-image\" data-id=\"40a5277\" data-element_type=\"widget\" data-e-type=\"widget\" data-widget_type=\"image.default\">\n\t\t\t\t\t\t\t\t\t\t\t\t\t\t\t<img decoding=\"async\" width=\"105\" height=\"64\" src=\"https:\/\/toprentapp.com\/wp-content\/uploads\/2024\/01\/credit01.png\" class=\"attachment-full size-full wp-image-22460\" alt=\"MasterCard logo\" \/>\t\t\t\t\t\t\t\t\t\t\t\t\t\t\t<\/div>\n\t\t\t\t<div class=\"elementor-element elementor-element-042d794 elementor-widget__width-auto elementor-widget elementor-widget-image\" data-id=\"042d794\" data-element_type=\"widget\" data-e-type=\"widget\" data-widget_type=\"image.default\">\n\t\t\t\t\t\t\t\t\t\t\t\t\t\t\t<img decoding=\"async\" width=\"105\" height=\"64\" src=\"https:\/\/toprentapp.com\/wp-content\/uploads\/2024\/01\/credit12.png\" class=\"attachment-full size-full wp-image-22493\" alt=\"JCB logo\" \/>\t\t\t\t\t\t\t\t\t\t\t\t\t\t\t<\/div>\n\t\t\t\t<div class=\"elementor-element elementor-element-86dfcb4 elementor-widget__width-auto elementor-widget elementor-widget-image\" data-id=\"86dfcb4\" data-element_type=\"widget\" data-e-type=\"widget\" data-widget_type=\"image.default\">\n\t\t\t\t\t\t\t\t\t\t\t\t\t\t\t<img loading=\"lazy\" decoding=\"async\" width=\"105\" height=\"64\" src=\"https:\/\/toprentapp.com\/wp-content\/uploads\/2024\/01\/credit15.png\" class=\"attachment-full size-full wp-image-22502\" alt=\"Maestro logo\" \/>\t\t\t\t\t\t\t\t\t\t\t\t\t\t\t<\/div>\n\t\t\t\t<div class=\"elementor-element elementor-element-3ec476a elementor-widget__width-auto elementor-widget elementor-widget-image\" data-id=\"3ec476a\" data-element_type=\"widget\" data-e-type=\"widget\" data-widget_type=\"image.default\">\n\t\t\t\t\t\t\t\t\t\t\t\t\t\t\t<img loading=\"lazy\" decoding=\"async\" width=\"105\" height=\"64\" src=\"https:\/\/toprentapp.com\/wp-content\/uploads\/2024\/01\/credit16.png\" class=\"attachment-full size-full wp-image-22505\" alt=\"American Express logo\" \/>\t\t\t\t\t\t\t\t\t\t\t\t\t\t\t<\/div>\n\t\t\t\t<div class=\"elementor-element elementor-element-38376b2 elementor-widget__width-auto elementor-widget elementor-widget-image\" data-id=\"38376b2\" data-element_type=\"widget\" data-e-type=\"widget\" data-widget_type=\"image.default\">\n\t\t\t\t\t\t\t\t\t\t\t\t\t\t\t<img loading=\"lazy\" decoding=\"async\" width=\"105\" height=\"64\" src=\"https:\/\/toprentapp.com\/wp-content\/uploads\/2024\/01\/credit02.png\" class=\"attachment-full size-full wp-image-22463\" alt=\"Discover Network logo\" \/>\t\t\t\t\t\t\t\t\t\t\t\t\t\t\t<\/div>\n\t\t\t\t\t<\/div>\n\t\t<\/div>\n\t\t\t\t\t<\/div>\n\t\t<\/section>\n\t\t\t\t<div class=\"elementor-element elementor-element-cc9f001 elementor-widget elementor-widget-spacer\" data-id=\"cc9f001\" data-element_type=\"widget\" data-e-type=\"widget\" data-widget_type=\"spacer.default\">\n\t\t\t\t\t\t\t<div class=\"elementor-spacer\">\n\t\t\t<div class=\"elementor-spacer-inner\"><\/div>\n\t\t<\/div>\n\t\t\t\t\t\t<\/div>\n\t\t\t\t<div class=\"elementor-element elementor-element-65b5d18 elementor-widget elementor-widget-heading\" data-id=\"65b5d18\" data-element_type=\"widget\" data-e-type=\"widget\" data-widget_type=\"heading.default\">\n\t\t\t\t\t<h6 class=\"elementor-heading-title elementor-size-default\">Serwisy p\u0142atnicze<\/h6>\t\t\t\t<\/div>\n\t\t\t\t<div class=\"elementor-element elementor-element-4f74857 sc_height_tiny elementor-widget elementor-widget-spacer\" data-id=\"4f74857\" data-element_type=\"widget\" data-e-type=\"widget\" data-widget_type=\"spacer.default\">\n\t\t\t\t\t\t\t<div class=\"elementor-spacer\">\n\t\t\t<div class=\"elementor-spacer-inner\"><\/div>\n\t\t<\/div>\n\t\t\t\t\t\t<\/div>\n\t\t\t\t<div class=\"elementor-element elementor-element-caf9d47 elementor-widget__width-auto elementor-widget elementor-widget-image\" data-id=\"caf9d47\" data-element_type=\"widget\" data-e-type=\"widget\" data-widget_type=\"image.default\">\n\t\t\t\t\t\t\t\t\t\t\t\t\t\t\t<img loading=\"lazy\" decoding=\"async\" width=\"105\" height=\"64\" src=\"https:\/\/toprentapp.com\/wp-content\/uploads\/2024\/01\/credit10.png\" class=\"attachment-full size-full wp-image-22487\" alt=\"Ripple logo\" \/>\t\t\t\t\t\t\t\t\t\t\t\t\t\t\t<\/div>\n\t\t\t\t<div class=\"elementor-element elementor-element-4962b0f sc_height_huge elementor-widget elementor-widget-spacer\" data-id=\"4962b0f\" data-element_type=\"widget\" data-e-type=\"widget\" data-widget_type=\"spacer.default\">\n\t\t\t\t\t\t\t<div class=\"elementor-spacer\">\n\t\t\t<div class=\"elementor-spacer-inner\"><\/div>\n\t\t<\/div>\n\t\t\t\t\t\t<\/div>\n\t\t\t\t\t<\/div>\n\t\t<\/div>\n\t\t\t\t\t<\/div>\n\t\t<\/section>\n\t\t\t\t<section class=\"elementor-section elementor-top-section elementor-element elementor-element-33152ad scheme_dark elementor-section-full_width elementor-section-height-default elementor-section-height-default sc_fly_static\" data-id=\"33152ad\" data-element_type=\"section\" data-e-type=\"section\" data-settings=\"{&quot;background_background&quot;:&quot;classic&quot;}\">\n\t\t\t\t\t\t<div class=\"elementor-container elementor-column-gap-no\">\n\t\t\t\t\t<div class=\"elementor-column elementor-col-100 elementor-top-column elementor-element elementor-element-e77f110 sc_inner_width_none sc_content_align_inherit sc_layouts_column_icons_position_left sc_fly_static\" data-id=\"e77f110\" data-element_type=\"column\" data-e-type=\"column\">\n\t\t\t<div class=\"elementor-widget-wrap elementor-element-populated\">\n\t\t\t\t\t\t<section class=\"elementor-section elementor-inner-section elementor-element elementor-element-8a042a4 elementor-section-content-bottom elementor-section-boxed elementor-section-height-default elementor-section-height-default sc_fly_static\" data-id=\"8a042a4\" data-element_type=\"section\" data-e-type=\"section\">\n\t\t\t\t\t\t<div class=\"elementor-container elementor-column-gap-extended\">\n\t\t\t\t\t<div class=\"elementor-column elementor-col-50 elementor-inner-column elementor-element elementor-element-e3e5284 sc_inner_width_none sc_content_align_inherit sc_layouts_column_icons_position_left sc_fly_static\" data-id=\"e3e5284\" data-element_type=\"column\" data-e-type=\"column\">\n\t\t\t<div class=\"elementor-widget-wrap elementor-element-populated\">\n\t\t\t\t\t\t<div class=\"elementor-element elementor-element-447d2c5 sc_fly_static elementor-widget elementor-widget-trx_sc_title\" data-id=\"447d2c5\" data-element_type=\"widget\" data-e-type=\"widget\" data-widget_type=\"trx_sc_title.default\">\n\t\t\t\t<div class=\"elementor-widget-container\">\n\t\t\t\t\t<div\t\tclass=\"sc_title sc_title_accent\" ><h3 class=\"sc_item_title sc_title_title sc_item_title_style_accent sc_item_title_tag\"\n\t\t\t><span class=\"sc_item_title_text\">Osi\u0105gnij wi\u0119cej dzi\u0119ki Toprent.app<\/span><\/h3><\/div>\t\t\t\t<\/div>\n\t\t\t\t<\/div>\n\t\t\t\t<div class=\"elementor-element elementor-element-7c92f5b elementor-widget elementor-widget-spacer\" data-id=\"7c92f5b\" data-element_type=\"widget\" data-e-type=\"widget\" data-widget_type=\"spacer.default\">\n\t\t\t\t\t\t\t<div class=\"elementor-spacer\">\n\t\t\t<div class=\"elementor-spacer-inner\"><\/div>\n\t\t<\/div>\n\t\t\t\t\t\t<\/div>\n\t\t\t\t<div class=\"elementor-element elementor-element-6ac642a elementor-widget elementor-widget-text-editor\" data-id=\"6ac642a\" data-element_type=\"widget\" data-e-type=\"widget\" data-widget_type=\"text-editor.default\">\n\t\t\t\t\t\t\t\t\t<p>20 samochod\u00f3w \/ podstawowa funkcjonalno\u015b\u0107 \/ Darmowe na zawsze<\/p>\n\t\t\t\t\t\t\t\t<\/div>\n\t\t\t\t<div class=\"elementor-element elementor-element-d34b998 elementor-widget elementor-widget-spacer\" data-id=\"d34b998\" data-element_type=\"widget\" data-e-type=\"widget\" data-widget_type=\"spacer.default\">\n\t\t\t\t\t\t\t<div class=\"elementor-spacer\">\n\t\t\t<div class=\"elementor-spacer-inner\"><\/div>\n\t\t<\/div>\n\t\t\t\t\t\t<\/div>\n\t\t\t\t<div class=\"elementor-element elementor-element-040e217 elementor-widget elementor-widget-shortcode\" data-id=\"040e217\" data-element_type=\"widget\" data-e-type=\"widget\" data-widget_type=\"shortcode.default\">\n\t\t\t\t\t\t\t<div class=\"elementor-shortcode\"><script>(function() {\n\twindow.mc4wp = window.mc4wp || {\n\t\tlisteners: [],\n\t\tforms: {\n\t\t\ton: function(evt, cb) {\n\t\t\t\twindow.mc4wp.listeners.push(\n\t\t\t\t\t{\n\t\t\t\t\t\tevent   : evt,\n\t\t\t\t\t\tcallback: cb\n\t\t\t\t\t}\n\t\t\t\t);\n\t\t\t}\n\t\t}\n\t}\n})();\n<\/script><!-- Mailchimp for WordPress v4.12.1 - https:\/\/wordpress.org\/plugins\/mailchimp-for-wp\/ --><form id=\"style-9\" class=\"mc4wp-form mc4wp-form-22966\" method=\"post\" data-id=\"22966\" data-name=\"Subskrybuj\" ><div class=\"mc4wp-form-fields\"><input type=\"email\" name=\"EMAIL\" placeholder=\"Wpisz sw\u00f3j adres e-mail\">\r\n<button>Subskrybuj<\/button>\r\n<input name=\"i_agree_privacy_policy\" value=\"1\" required=\"\" type=\"checkbox\"><label>Zgadzam si\u0119 z <a href=\"\/pl\/privacy-policy\/\" target=\"_blank\" rel=\"noopener\">Polityk\u0105 Prywatno\u015bci<\/a>.<\/label><\/div><label style=\"display: none !important;\">Pozostaw to pole puste, je\u015bli jeste\u015b cz\u0142owiekiem: <input type=\"text\" name=\"_mc4wp_honeypot\" value=\"\" tabindex=\"-1\" autocomplete=\"off\" \/><\/label><input type=\"hidden\" name=\"_mc4wp_timestamp\" value=\"1776186283\" \/><input type=\"hidden\" name=\"_mc4wp_form_id\" value=\"22966\" \/><input type=\"hidden\" name=\"_mc4wp_form_element_id\" value=\"style-9\" \/><div class=\"mc4wp-response\"><\/div><\/form><!-- \/ Mailchimp for WordPress Plugin --><\/div>\n\t\t\t\t\t\t<\/div>\n\t\t\t\t<div class=\"elementor-element elementor-element-a83b11f sc_layouts_hide_on_wide sc_layouts_hide_on_desktop sc_layouts_hide_on_notebook sc_layouts_hide_on_tablet elementor-widget elementor-widget-spacer\" data-id=\"a83b11f\" data-element_type=\"widget\" data-e-type=\"widget\" data-widget_type=\"spacer.default\">\n\t\t\t\t\t\t\t<div class=\"elementor-spacer\">\n\t\t\t<div class=\"elementor-spacer-inner\"><\/div>\n\t\t<\/div>\n\t\t\t\t\t\t<\/div>\n\t\t\t\t\t<\/div>\n\t\t<\/div>\n\t\t\t\t<div class=\"elementor-column elementor-col-50 elementor-inner-column elementor-element elementor-element-b40e80c sc_layouts_column_align_right sc_layouts_column sc_inner_width_none sc_content_align_inherit sc_layouts_column_icons_position_left sc_fly_static\" data-id=\"b40e80c\" data-element_type=\"column\" data-e-type=\"column\">\n\t\t\t<div class=\"elementor-widget-wrap elementor-element-populated\">\n\t\t\t\t\t\t<div class=\"elementor-element elementor-element-f051f88 border-radius-none elementor-widget elementor-widget-image\" data-id=\"f051f88\" data-element_type=\"widget\" data-e-type=\"widget\" data-widget_type=\"image.default\">\n\t\t\t\t\t\t\t\t\t\t\t\t\t\t\t<img loading=\"lazy\" decoding=\"async\" width=\"497\" height=\"328\" src=\"https:\/\/toprentapp.com\/wp-content\/uploads\/2023\/12\/first_screen_2.png\" class=\"attachment-large size-large wp-image-22223\" alt=\"Check-OUT report on mobile and notebook\" srcset=\"https:\/\/toprentapp.com\/wp-content\/uploads\/2023\/12\/first_screen_2.png 497w, https:\/\/toprentapp.com\/wp-content\/uploads\/2023\/12\/first_screen_2-300x198.png 300w, https:\/\/toprentapp.com\/wp-content\/uploads\/2023\/12\/first_screen_2-370x244.png 370w, https:\/\/toprentapp.com\/wp-content\/uploads\/2023\/12\/first_screen_2-410x271.png 410w\" sizes=\"(max-width: 600px) 100vw, 497px\" \/>\t\t\t\t\t\t\t\t\t\t\t\t\t\t\t<\/div>\n\t\t\t\t\t<\/div>\n\t\t<\/div>\n\t\t\t\t\t<\/div>\n\t\t<\/section>\n\t\t\t\t\t<\/div>\n\t\t<\/div>\n\t\t\t\t\t<\/div>\n\t\t<\/section>\n\t\t\t\t<\/div>\n\t\t","protected":false},"excerpt":{"rendered":"<p>Metody P\u0142atno\u015bci Za nasze us\u0142ugi mo\u017cesz zap\u0142aci\u0107 w dowolny dogodny dla Ciebie spos\u00f3b, online dowoln\u0105 kart\u0105 bankow\u0105 lub danymi bankowymi got\u00f3wk\u0105 lub rachunkiem bie\u017c\u0105cym Akceptujemy p\u0142atno\u015bci: Karty kredytowe Serwisy p\u0142atnicze&hellip;<\/p>\n","protected":false},"author":4,"featured_media":0,"parent":0,"menu_order":0,"comment_status":"closed","ping_status":"closed","template":"","meta":{"_acf_changed":false,"footnotes":""},"class_list":["post-22964","page","type-page","status-publish","hentry"],"acf":[],"yoast_head":"<!-- This site is optimized with the Yoast SEO plugin v27.3 - https:\/\/yoast.com\/product\/yoast-seo-wordpress\/ -->\n<title>Metody P\u0142atno\u015bci<\/title>\n<meta name=\"description\" content=\"TopRentApp: dost\u0119pne metody p\u0142atno\u015bci\" \/>\n<meta name=\"robots\" content=\"index, follow, max-snippet:-1, max-image-preview:large, max-video-preview:-1\" \/>\n<link rel=\"canonical\" href=\"https:\/\/toprentapp.com\/pl\/metody-platnosci\" \/>\n<meta property=\"og:locale\" content=\"pl_PL\" \/>\n<meta property=\"og:type\" content=\"article\" \/>\n<meta property=\"og:title\" content=\"Metody P\u0142atno\u015bci\" \/>\n<meta property=\"og:description\" content=\"TopRentApp: dost\u0119pne metody p\u0142atno\u015bci\" \/>\n<meta property=\"og:url\" content=\"https:\/\/toprentapp.com\/pl\/metody-platnosci\" \/>\n<meta property=\"og:site_name\" content=\"TopRentApp\" \/>\n<meta property=\"article:publisher\" content=\"https:\/\/www.facebook.com\/toprentappitalia\/\" \/>\n<meta property=\"article:modified_time\" content=\"2024-06-14T10:23:21+00:00\" \/>\n<meta property=\"og:image\" content=\"https:\/\/toprentapp.com\/wp-content\/uploads\/2024\/01\/credit18.png\" \/>\n<meta name=\"twitter:card\" content=\"summary_large_image\" \/>\n<meta name=\"twitter:label1\" content=\"Szacowany czas czytania\" \/>\n\t<meta name=\"twitter:data1\" content=\"2 minuty\" \/>\n<script type=\"application\/ld+json\" class=\"yoast-schema-graph\">{\"@context\":\"https:\\\/\\\/schema.org\",\"@graph\":[{\"@type\":\"WebPage\",\"@id\":\"https:\\\/\\\/toprentapp.com\\\/pl\\\/metody-platnosci\",\"url\":\"https:\\\/\\\/toprentapp.com\\\/pl\\\/metody-platnosci\",\"name\":\"Metody P\u0142atno\u015bci\",\"isPartOf\":{\"@id\":\"https:\\\/\\\/toprentapp.com\\\/pl#website\"},\"primaryImageOfPage\":{\"@id\":\"https:\\\/\\\/toprentapp.com\\\/pl\\\/metody-platnosci#primaryimage\"},\"image\":{\"@id\":\"https:\\\/\\\/toprentapp.com\\\/pl\\\/metody-platnosci#primaryimage\"},\"thumbnailUrl\":\"https:\\\/\\\/toprentapp.com\\\/wp-content\\\/uploads\\\/2024\\\/01\\\/credit18.png\",\"datePublished\":\"2023-12-28T13:28:57+00:00\",\"dateModified\":\"2024-06-14T10:23:21+00:00\",\"description\":\"TopRentApp: dost\u0119pne metody p\u0142atno\u015bci\",\"breadcrumb\":{\"@id\":\"https:\\\/\\\/toprentapp.com\\\/pl\\\/metody-platnosci#breadcrumb\"},\"inLanguage\":\"pl-PL\",\"potentialAction\":[{\"@type\":\"ReadAction\",\"target\":[\"https:\\\/\\\/toprentapp.com\\\/pl\\\/metody-platnosci\"]}]},{\"@type\":\"ImageObject\",\"inLanguage\":\"pl-PL\",\"@id\":\"https:\\\/\\\/toprentapp.com\\\/pl\\\/metody-platnosci#primaryimage\",\"url\":\"https:\\\/\\\/toprentapp.com\\\/wp-content\\\/uploads\\\/2024\\\/01\\\/credit18.png\",\"contentUrl\":\"https:\\\/\\\/toprentapp.com\\\/wp-content\\\/uploads\\\/2024\\\/01\\\/credit18.png\"},{\"@type\":\"BreadcrumbList\",\"@id\":\"https:\\\/\\\/toprentapp.com\\\/pl\\\/metody-platnosci#breadcrumb\",\"itemListElement\":[{\"@type\":\"ListItem\",\"position\":1,\"name\":\"Home\",\"item\":\"https:\\\/\\\/toprentapp.com\\\/pl\"},{\"@type\":\"ListItem\",\"position\":2,\"name\":\"Metody P\u0142atno\u015bci\"}]},{\"@type\":\"WebSite\",\"@id\":\"https:\\\/\\\/toprentapp.com\\\/pl#website\",\"url\":\"https:\\\/\\\/toprentapp.com\\\/pl\",\"name\":\"TopRentApp\",\"description\":\"Car Rental Management Software &amp; CRM Solution\",\"publisher\":{\"@id\":\"https:\\\/\\\/toprentapp.com\\\/pl#organization\"},\"potentialAction\":[{\"@type\":\"SearchAction\",\"target\":{\"@type\":\"EntryPoint\",\"urlTemplate\":\"https:\\\/\\\/toprentapp.com\\\/pl?s={search_term_string}\"},\"query-input\":{\"@type\":\"PropertyValueSpecification\",\"valueRequired\":true,\"valueName\":\"search_term_string\"}}],\"inLanguage\":\"pl-PL\"},{\"@type\":\"Organization\",\"@id\":\"https:\\\/\\\/toprentapp.com\\\/pl#organization\",\"name\":\"TopRentApp\",\"url\":\"https:\\\/\\\/toprentapp.com\\\/pl\",\"logo\":{\"@type\":\"ImageObject\",\"inLanguage\":\"pl-PL\",\"@id\":\"https:\\\/\\\/toprentapp.com\\\/pl#\\\/schema\\\/logo\\\/image\\\/\",\"url\":\"https:\\\/\\\/toprentapp.com\\\/wp-content\\\/uploads\\\/2024\\\/01\\\/logo.png\",\"contentUrl\":\"https:\\\/\\\/toprentapp.com\\\/wp-content\\\/uploads\\\/2024\\\/01\\\/logo.png\",\"width\":275,\"height\":36,\"caption\":\"TopRentApp\"},\"image\":{\"@id\":\"https:\\\/\\\/toprentapp.com\\\/pl#\\\/schema\\\/logo\\\/image\\\/\"},\"sameAs\":[\"https:\\\/\\\/www.facebook.com\\\/toprentappitalia\\\/\",\"https:\\\/\\\/www.instagram.com\\\/toprentappitalia\\\/\"]}]}<\/script>\n<!-- \/ Yoast SEO plugin. -->","yoast_head_json":{"title":"Metody P\u0142atno\u015bci","description":"TopRentApp: dost\u0119pne metody p\u0142atno\u015bci","robots":{"index":"index","follow":"follow","max-snippet":"max-snippet:-1","max-image-preview":"max-image-preview:large","max-video-preview":"max-video-preview:-1"},"canonical":"https:\/\/toprentapp.com\/pl\/metody-platnosci","og_locale":"pl_PL","og_type":"article","og_title":"Metody P\u0142atno\u015bci","og_description":"TopRentApp: dost\u0119pne metody p\u0142atno\u015bci","og_url":"https:\/\/toprentapp.com\/pl\/metody-platnosci","og_site_name":"TopRentApp","article_publisher":"https:\/\/www.facebook.com\/toprentappitalia\/","article_modified_time":"2024-06-14T10:23:21+00:00","og_image":[{"url":"https:\/\/toprentapp.com\/wp-content\/uploads\/2024\/01\/credit18.png","type":"","width":"","height":""}],"twitter_card":"summary_large_image","twitter_misc":{"Szacowany czas czytania":"2 minuty"},"schema":{"@context":"https:\/\/schema.org","@graph":[{"@type":"WebPage","@id":"https:\/\/toprentapp.com\/pl\/metody-platnosci","url":"https:\/\/toprentapp.com\/pl\/metody-platnosci","name":"Metody P\u0142atno\u015bci","isPartOf":{"@id":"https:\/\/toprentapp.com\/pl#website"},"primaryImageOfPage":{"@id":"https:\/\/toprentapp.com\/pl\/metody-platnosci#primaryimage"},"image":{"@id":"https:\/\/toprentapp.com\/pl\/metody-platnosci#primaryimage"},"thumbnailUrl":"https:\/\/toprentapp.com\/wp-content\/uploads\/2024\/01\/credit18.png","datePublished":"2023-12-28T13:28:57+00:00","dateModified":"2024-06-14T10:23:21+00:00","description":"TopRentApp: dost\u0119pne metody p\u0142atno\u015bci","breadcrumb":{"@id":"https:\/\/toprentapp.com\/pl\/metody-platnosci#breadcrumb"},"inLanguage":"pl-PL","potentialAction":[{"@type":"ReadAction","target":["https:\/\/toprentapp.com\/pl\/metody-platnosci"]}]},{"@type":"ImageObject","inLanguage":"pl-PL","@id":"https:\/\/toprentapp.com\/pl\/metody-platnosci#primaryimage","url":"https:\/\/toprentapp.com\/wp-content\/uploads\/2024\/01\/credit18.png","contentUrl":"https:\/\/toprentapp.com\/wp-content\/uploads\/2024\/01\/credit18.png"},{"@type":"BreadcrumbList","@id":"https:\/\/toprentapp.com\/pl\/metody-platnosci#breadcrumb","itemListElement":[{"@type":"ListItem","position":1,"name":"Home","item":"https:\/\/toprentapp.com\/pl"},{"@type":"ListItem","position":2,"name":"Metody P\u0142atno\u015bci"}]},{"@type":"WebSite","@id":"https:\/\/toprentapp.com\/pl#website","url":"https:\/\/toprentapp.com\/pl","name":"TopRentApp","description":"Car Rental Management Software &amp; CRM Solution","publisher":{"@id":"https:\/\/toprentapp.com\/pl#organization"},"potentialAction":[{"@type":"SearchAction","target":{"@type":"EntryPoint","urlTemplate":"https:\/\/toprentapp.com\/pl?s={search_term_string}"},"query-input":{"@type":"PropertyValueSpecification","valueRequired":true,"valueName":"search_term_string"}}],"inLanguage":"pl-PL"},{"@type":"Organization","@id":"https:\/\/toprentapp.com\/pl#organization","name":"TopRentApp","url":"https:\/\/toprentapp.com\/pl","logo":{"@type":"ImageObject","inLanguage":"pl-PL","@id":"https:\/\/toprentapp.com\/pl#\/schema\/logo\/image\/","url":"https:\/\/toprentapp.com\/wp-content\/uploads\/2024\/01\/logo.png","contentUrl":"https:\/\/toprentapp.com\/wp-content\/uploads\/2024\/01\/logo.png","width":275,"height":36,"caption":"TopRentApp"},"image":{"@id":"https:\/\/toprentapp.com\/pl#\/schema\/logo\/image\/"},"sameAs":["https:\/\/www.facebook.com\/toprentappitalia\/","https:\/\/www.instagram.com\/toprentappitalia\/"]}]}},"_links":{"self":[{"href":"https:\/\/toprentapp.com\/pl\/wp-json\/wp\/v2\/pages\/22964","targetHints":{"allow":["GET"]}}],"collection":[{"href":"https:\/\/toprentapp.com\/pl\/wp-json\/wp\/v2\/pages"}],"about":[{"href":"https:\/\/toprentapp.com\/pl\/wp-json\/wp\/v2\/types\/page"}],"author":[{"embeddable":true,"href":"https:\/\/toprentapp.com\/pl\/wp-json\/wp\/v2\/users\/4"}],"replies":[{"embeddable":true,"href":"https:\/\/toprentapp.com\/pl\/wp-json\/wp\/v2\/comments?post=22964"}],"version-history":[{"count":0,"href":"https:\/\/toprentapp.com\/pl\/wp-json\/wp\/v2\/pages\/22964\/revisions"}],"wp:attachment":[{"href":"https:\/\/toprentapp.com\/pl\/wp-json\/wp\/v2\/media?parent=22964"}],"curies":[{"name":"wp","href":"https:\/\/api.w.org\/{rel}","templated":true}]}}