{"id":22951,"date":"2023-12-28T15:10:52","date_gmt":"2023-12-28T14:10:52","guid":{"rendered":"http:\/\/yevgenl.sg-host.com\/opinie-klientow\/"},"modified":"2024-06-14T12:30:22","modified_gmt":"2024-06-14T10:30:22","slug":"opinie-klientow","status":"publish","type":"page","link":"https:\/\/toprentapp.com\/pl\/opinie-klientow","title":{"rendered":"Opinie klient\u00f3w"},"content":{"rendered":"\t\t<div data-elementor-type=\"wp-page\" data-elementor-id=\"22951\" class=\"elementor elementor-22951 elementor-20172\" data-elementor-post-type=\"page\">\n\t\t\t\t\t\t<section class=\"elementor-section elementor-top-section elementor-element elementor-element-809273d elementor-section-boxed elementor-section-height-default elementor-section-height-default sc_fly_static\" data-id=\"809273d\" data-element_type=\"section\" data-e-type=\"section\">\n\t\t\t\t\t\t<div class=\"elementor-container elementor-column-gap-extended\">\n\t\t\t\t\t<div class=\"elementor-column elementor-col-100 elementor-top-column elementor-element elementor-element-96c9bd9 sc_inner_width_none sc_content_align_inherit sc_layouts_column_icons_position_left sc_fly_static\" data-id=\"96c9bd9\" data-element_type=\"column\" data-e-type=\"column\">\n\t\t\t<div class=\"elementor-widget-wrap elementor-element-populated\">\n\t\t\t\t\t\t<div class=\"elementor-element elementor-element-bff3708 sc_height_huge elementor-widget elementor-widget-spacer\" data-id=\"bff3708\" data-element_type=\"widget\" data-e-type=\"widget\" data-widget_type=\"spacer.default\">\n\t\t\t\t\t\t\t<div class=\"elementor-spacer\">\n\t\t\t<div class=\"elementor-spacer-inner\"><\/div>\n\t\t<\/div>\n\t\t\t\t\t\t<\/div>\n\t\t\t\t<section class=\"elementor-section elementor-inner-section elementor-element elementor-element-52452a1 elementor-section-content-bottom elementor-section-boxed elementor-section-height-default elementor-section-height-default sc_fly_static\" data-id=\"52452a1\" data-element_type=\"section\" data-e-type=\"section\">\n\t\t\t\t\t\t<div class=\"elementor-container elementor-column-gap-no\">\n\t\t\t\t\t<div class=\"elementor-column elementor-col-50 elementor-inner-column elementor-element elementor-element-021fc3b sc_inner_width_none sc_content_align_inherit sc_layouts_column_icons_position_left sc_fly_static\" data-id=\"021fc3b\" data-element_type=\"column\" data-e-type=\"column\">\n\t\t\t<div class=\"elementor-widget-wrap elementor-element-populated\">\n\t\t\t\t\t\t<div class=\"elementor-element elementor-element-97e65d7 sc_fly_static elementor-widget elementor-widget-trx_sc_title\" data-id=\"97e65d7\" data-element_type=\"widget\" data-e-type=\"widget\" data-widget_type=\"trx_sc_title.default\">\n\t\t\t\t<div class=\"elementor-widget-container\">\n\t\t\t\t\t<div\t\tclass=\"sc_title sc_title_default\" ><h3 class=\"sc_item_title sc_title_title sc_item_title_style_default sc_item_title_tag\"\n\t\t\t><span class=\"sc_item_title_text\">Opinie klient\u00f3w<\/span><\/h3><div class=\"sc_item_descr sc_title_descr\"><p>Zadowoleni klienci to nasza duma. Cenimy ka\u017cd\u0105 opini\u0119 od naszych klient\u00f3w, pomagasz nam ulepsza\u0107 nasz serwis<\/p>\n<\/div><\/div>\t\t\t\t<\/div>\n\t\t\t\t<\/div>\n\t\t\t\t\t<\/div>\n\t\t<\/div>\n\t\t\t\t<div class=\"elementor-column elementor-col-50 elementor-inner-column elementor-element elementor-element-88b64a0 sc_layouts_column_align_right sc_layouts_column sc-mobile_layouts_column_align_left sc_layouts_column sc_inner_width_none sc_content_align_inherit sc_layouts_column_icons_position_left sc_fly_static\" data-id=\"88b64a0\" data-element_type=\"column\" data-e-type=\"column\">\n\t\t\t<div class=\"elementor-widget-wrap elementor-element-populated\">\n\t\t\t\t\t\t<div class=\"elementor-element elementor-element-e3166ec sc_height_small sc_layouts_hide_on_wide sc_layouts_hide_on_desktop sc_layouts_hide_on_notebook sc_layouts_hide_on_tablet elementor-widget elementor-widget-spacer\" data-id=\"e3166ec\" data-element_type=\"widget\" data-e-type=\"widget\" data-widget_type=\"spacer.default\">\n\t\t\t\t\t\t\t<div class=\"elementor-spacer\">\n\t\t\t<div class=\"elementor-spacer-inner\"><\/div>\n\t\t<\/div>\n\t\t\t\t\t\t<\/div>\n\t\t\t\t<div class=\"elementor-element elementor-element-d8da397 sc_fly_static elementor-widget elementor-widget-trx_sc_button\" data-id=\"d8da397\" data-element_type=\"widget\" data-e-type=\"widget\" data-widget_type=\"trx_sc_button.default\">\n\t\t\t\t<div class=\"elementor-widget-container\">\n\t\t\t\t\t<div\tclass=\"sc_item_button sc_button_wrap\" ><a href=\"#popup-form\" class=\"sc_button sc_button_default has_small_padding sc_button_size_normal sc_button_icon_left\" ><span class=\"sc_button_text\"><span class=\"sc_button_title\">Zostaw opini\u0119<\/span><\/span><\/a><\/div>\t\t\t\t<\/div>\n\t\t\t\t<\/div>\n\t\t\t\t\t<\/div>\n\t\t<\/div>\n\t\t\t\t\t<\/div>\n\t\t<\/section>\n\t\t\t\t<div class=\"elementor-element elementor-element-3f5e1ce sc_height_small elementor-widget elementor-widget-spacer\" data-id=\"3f5e1ce\" data-element_type=\"widget\" data-e-type=\"widget\" data-widget_type=\"spacer.default\">\n\t\t\t\t\t\t\t<div class=\"elementor-spacer\">\n\t\t\t<div class=\"elementor-spacer-inner\"><\/div>\n\t\t<\/div>\n\t\t\t\t\t\t<\/div>\n\t\t\t\t<div class=\"elementor-element elementor-element-4f51674 sc_fly_static elementor-widget elementor-widget-trx_sc_testimonials\" data-id=\"4f51674\" data-element_type=\"widget\" data-e-type=\"widget\" data-widget_type=\"trx_sc_testimonials.default\">\n\t\t\t\t<div class=\"elementor-widget-container\">\n\t\t\t\t\t<div \t\tclass=\"sc_testimonials sc_testimonials_accent\"><div class=\"sc_testimonials_columns_wrap sc_item_columns trx_addons_columns_wrap columns_padding_bottom\"><div class=\"trx_addons_column-1_2\"><div data-post-id=\"25280\" class=\"sc_testimonials_item sc_item_container post_container\">\n\t<div class=\"sc_testimonials_item_content\">\n<p>Program dzia\u0142a szybko. Wszystkie informacje s\u0105 przesy\u0142ane i przetwarzane w ci\u0105gu kilku minut. Dzi\u0119ki Toprent.app mieli\u015bmy mo\u017cliwo\u015b\u0107 zaoszcz\u0119dzenia wielu zasob\u00f3w<\/p>\n<\/div>\n\t<div class=\"sc_testimonials_item_author\">\n\t\t\t\t\t<div class=\"sc_testimonials_item_author_avatar\"><img decoding=\"async\" width=\"120\" height=\"120\" src=\"https:\/\/toprentapp.com\/wp-content\/uploads\/2024\/03\/istockphoto-50222117-120x120.webp\" class=\"attachment-qwery-thumb-tiny size-qwery-thumb-tiny wp-post-image\" alt=\"Claudio\" srcset=\"https:\/\/toprentapp.com\/wp-content\/uploads\/2024\/03\/istockphoto-50222117-120x120.webp 120w, https:\/\/toprentapp.com\/wp-content\/uploads\/2024\/03\/istockphoto-50222117-150x150.webp 150w\" sizes=\"(max-width: 120px) 100vw, 120px\" \/><\/div>\n\t\t\t\t<div class=\"sc_testimonials_item_author_data\">\n\t\t\t<h4 class=\"sc_testimonials_item_author_title\">Claudio<\/h4>\n\t\t\t<div class=\"sc_testimonials_item_author_subtitle\">CEO company BizRental<\/div>\t\t<\/div>\n\t<\/div>\n<\/div>\n<\/div><div class=\"trx_addons_column-1_2\"><div data-post-id=\"25281\" class=\"sc_testimonials_item sc_item_container post_container\">\n\t<div class=\"sc_testimonials_item_content\">\n<p>Szybko dostosowali\u015bmy Toprent.app do naszej floty pojazd\u00f3w. Co wi\u0119cej, programi\u015bci uwzgl\u0119dnili wszystkie nasze \u017cyczenia zgodnie z naszymi specyfikacjami i w kr\u00f3tkim czasie udost\u0119pnili niezb\u0119dne funkcje.<\/p>\n<\/div>\n\t<div class=\"sc_testimonials_item_author\">\n\t\t\t\t\t<div class=\"sc_testimonials_item_author_avatar\"><img decoding=\"async\" width=\"120\" height=\"120\" src=\"https:\/\/toprentapp.com\/wp-content\/uploads\/2024\/03\/noroot-120x120.webp\" class=\"attachment-qwery-thumb-tiny size-qwery-thumb-tiny wp-post-image\" alt=\"Jacopo\" srcset=\"https:\/\/toprentapp.com\/wp-content\/uploads\/2024\/03\/noroot-120x120.webp 120w, https:\/\/toprentapp.com\/wp-content\/uploads\/2024\/03\/noroot-150x150.webp 150w\" sizes=\"(max-width: 120px) 100vw, 120px\" \/><\/div>\n\t\t\t\t<div class=\"sc_testimonials_item_author_data\">\n\t\t\t<h4 class=\"sc_testimonials_item_author_title\">Jacopo<\/h4>\n\t\t\t<div class=\"sc_testimonials_item_author_subtitle\">CEO company EVrentHUB<\/div>\t\t<\/div>\n\t<\/div>\n<\/div>\n<\/div><div class=\"trx_addons_column-1_2\"><div data-post-id=\"22941\" class=\"sc_testimonials_item sc_item_container post_container\">\n\t<div class=\"sc_testimonials_item_content\">\n<p>Bardzo intuicyjne oprogramowanie. [nascosto contenuto sensibile] jest zawsze dost\u0119pny w celu uzyskania wszelkich wyja\u015bnie\u0144, nawet w weekendy.<\/p>\n<\/div>\n\t<div class=\"sc_testimonials_item_author\">\n\t\t\t\t\t<div class=\"sc_testimonials_item_author_avatar\"><img decoding=\"async\" width=\"120\" height=\"120\" src=\"https:\/\/toprentapp.com\/wp-content\/uploads\/2020\/04\/2022-12-09__152919-120x120.png\" class=\"attachment-qwery-thumb-tiny size-qwery-thumb-tiny wp-post-image\" alt=\"Alessandra\" srcset=\"https:\/\/toprentapp.com\/wp-content\/uploads\/2020\/04\/2022-12-09__152919-120x120.png 120w, https:\/\/toprentapp.com\/wp-content\/uploads\/2020\/04\/2022-12-09__152919-150x150.png 150w, https:\/\/toprentapp.com\/wp-content\/uploads\/2020\/04\/2022-12-09__152919-370x370.png 370w\" sizes=\"(max-width: 120px) 100vw, 120px\" \/><\/div>\n\t\t\t\t<div class=\"sc_testimonials_item_author_data\">\n\t\t\t<h4 class=\"sc_testimonials_item_author_title\">Alessandra<\/h4>\n\t\t\t\t\t<\/div>\n\t<\/div>\n<\/div>\n<\/div><div class=\"trx_addons_column-1_2\"><div data-post-id=\"22942\" class=\"sc_testimonials_item sc_item_container post_container\">\n\t<div class=\"sc_testimonials_item_content\">\n<p>Og\u00f3lnie czuj\u0119 si\u0119 dobrze, u\u0142atwi\u0142o mi to prac\u0119 oraz zarz\u0105dzanie samochodami i rezerwacjami.Dobry stosunek jako\u015bci do ceny.<\/p>\n<\/div>\n\t<div class=\"sc_testimonials_item_author\">\n\t\t\t\t\t<div class=\"sc_testimonials_item_author_avatar\"><img loading=\"lazy\" decoding=\"async\" width=\"120\" height=\"120\" src=\"https:\/\/toprentapp.com\/wp-content\/uploads\/2020\/04\/depositphotos_17913-120x120.png\" class=\"attachment-qwery-thumb-tiny size-qwery-thumb-tiny wp-post-image\" alt=\"Michele\" srcset=\"https:\/\/toprentapp.com\/wp-content\/uploads\/2020\/04\/depositphotos_17913-120x120.png 120w, https:\/\/toprentapp.com\/wp-content\/uploads\/2020\/04\/depositphotos_17913-150x150.png 150w, https:\/\/toprentapp.com\/wp-content\/uploads\/2020\/04\/depositphotos_17913-370x370.png 370w\" sizes=\"(max-width: 120px) 100vw, 120px\" \/><\/div>\n\t\t\t\t<div class=\"sc_testimonials_item_author_data\">\n\t\t\t<h4 class=\"sc_testimonials_item_author_title\">Michele<\/h4>\n\t\t\t\t\t<\/div>\n\t<\/div>\n<\/div>\n<\/div><div class=\"trx_addons_column-1_2\"><div data-post-id=\"22943\" class=\"sc_testimonials_item sc_item_container post_container\">\n\t<div class=\"sc_testimonials_item_content\"><div class=\"t396__elem tn-elem tn-elem__5369061181663701217365\" data-elem-id=\"1663701217365\" data-elem-type=\"text\" data-field-top-value=\"29\" data-field-left-value=\"820\" data-field-width-value=\"340\" data-field-axisy-value=\"top\" data-field-axisx-value=\"left\" data-field-container-value=\"grid\" data-field-topunits-value=\"px\" data-field-leftunits-value=\"px\" data-field-heightunits-value=\"\" data-field-widthunits-value=\"px\" data-field-top-res-320-value=\"479\" data-field-left-res-320-value=\"10\" data-field-width-res-320-value=\"300\" data-field-top-res-480-value=\"244\" data-field-left-res-480-value=\"208\" data-field-width-res-480-value=\"262\" data-field-top-res-640-value=\"214\" data-field-left-res-640-value=\"208\" data-field-width-res-640-value=\"413\" data-field-top-res-960-value=\"25\" data-field-left-res-960-value=\"686\" data-field-width-res-960-value=\"259\" data-fields=\"top,left,width,container,axisx,axisy,widthunits,leftunits,topunits\">\n<div class=\"tn-atom\">\n<div class=\"col ps-0\">\n<div class=\"text-ash mb-2\">Wiele problem\u00f3w w zakresie rozliczania i zarz\u0105dzania wynajmem samochodu.<\/div>\n<\/div>\n<\/div>\n<\/div>\n<\/div>\n\t<div class=\"sc_testimonials_item_author\">\n\t\t\t\t\t<div class=\"sc_testimonials_item_author_avatar\"><img loading=\"lazy\" decoding=\"async\" width=\"120\" height=\"120\" src=\"https:\/\/toprentapp.com\/wp-content\/uploads\/2020\/04\/2022-12-09__153005-120x120.webp\" class=\"attachment-qwery-thumb-tiny size-qwery-thumb-tiny wp-post-image\" alt=\"Marco\" srcset=\"https:\/\/toprentapp.com\/wp-content\/uploads\/2020\/04\/2022-12-09__153005-120x120.webp 120w, https:\/\/toprentapp.com\/wp-content\/uploads\/2020\/04\/2022-12-09__153005-150x150.webp 150w\" sizes=\"(max-width: 120px) 100vw, 120px\" \/><\/div>\n\t\t\t\t<div class=\"sc_testimonials_item_author_data\">\n\t\t\t<h4 class=\"sc_testimonials_item_author_title\">Marco<\/h4>\n\t\t\t\t\t<\/div>\n\t<\/div>\n<\/div>\n<\/div><div class=\"trx_addons_column-1_2\"><div data-post-id=\"22944\" class=\"sc_testimonials_item sc_item_container post_container\">\n\t<div class=\"sc_testimonials_item_content\"><div class=\"t396__elem tn-elem tn-elem__5369095521663701217365\" data-elem-id=\"1663701217365\" data-elem-type=\"text\" data-field-top-value=\"29\" data-field-left-value=\"820\" data-field-width-value=\"340\" data-field-axisy-value=\"top\" data-field-axisx-value=\"left\" data-field-container-value=\"grid\" data-field-topunits-value=\"px\" data-field-leftunits-value=\"px\" data-field-heightunits-value=\"\" data-field-widthunits-value=\"px\" data-field-top-res-320-value=\"479\" data-field-left-res-320-value=\"10\" data-field-width-res-320-value=\"300\" data-field-top-res-480-value=\"244\" data-field-left-res-480-value=\"208\" data-field-width-res-480-value=\"262\" data-field-top-res-640-value=\"214\" data-field-left-res-640-value=\"208\" data-field-width-res-640-value=\"413\" data-field-top-res-960-value=\"25\" data-field-left-res-960-value=\"686\" data-field-width-res-960-value=\"259\" data-fields=\"top,left,width,container,axisx,axisy,widthunits,leftunits,topunits\">\n<div class=\"tn-atom\">\n<div class=\"t396__elem tn-elem tn-elem__5369061181663070340773\" data-elem-id=\"1663070340773\" data-elem-type=\"text\" data-field-top-value=\"29\" data-field-left-value=\"220\" data-field-width-value=\"343\" data-field-axisy-value=\"top\" data-field-axisx-value=\"left\" data-field-container-value=\"grid\" data-field-topunits-value=\"px\" data-field-leftunits-value=\"px\" data-field-heightunits-value=\"\" data-field-widthunits-value=\"px\" data-field-top-res-320-value=\"181\" data-field-left-res-320-value=\"10\" data-field-width-res-320-value=\"299\" data-field-top-res-480-value=\"24\" data-field-left-res-480-value=\"210\" data-field-width-res-480-value=\"260\" data-field-top-res-640-value=\"24\" data-field-left-res-640-value=\"211\" data-field-width-res-640-value=\"410\" data-field-top-res-960-value=\"25\" data-field-left-res-960-value=\"206\" data-field-width-res-960-value=\"258\" data-fields=\"top,left,width,container,axisx,axisy,widthunits,leftunits,topunits\">\n<div class=\"tn-atom\">Mia\u0142em przyjemno\u015b\u0107 skorzysta\u0107 z Niesamowitego do\u015bwiadczenia z Top Rent \u2013 \u200b\u200bGor\u0105co polecam!<\/div>\n<\/div>\n<\/div>\n<\/div>\n<\/div>\n\t<div class=\"sc_testimonials_item_author\">\n\t\t\t\t\t<div class=\"sc_testimonials_item_author_avatar\"><img loading=\"lazy\" decoding=\"async\" width=\"120\" height=\"120\" src=\"https:\/\/toprentapp.com\/wp-content\/uploads\/2020\/04\/istockphoto-50222117-120x120.jpeg\" class=\"attachment-qwery-thumb-tiny size-qwery-thumb-tiny wp-post-image\" alt=\"Marvona Rent Car\" srcset=\"https:\/\/toprentapp.com\/wp-content\/uploads\/2020\/04\/istockphoto-50222117-120x120.jpeg 120w, https:\/\/toprentapp.com\/wp-content\/uploads\/2020\/04\/istockphoto-50222117-150x150.jpeg 150w, https:\/\/toprentapp.com\/wp-content\/uploads\/2020\/04\/istockphoto-50222117-370x370.jpeg 370w\" sizes=\"(max-width: 120px) 100vw, 120px\" \/><\/div>\n\t\t\t\t<div class=\"sc_testimonials_item_author_data\">\n\t\t\t<h4 class=\"sc_testimonials_item_author_title\">Marvona Rent Car<\/h4>\n\t\t\t\t\t<\/div>\n\t<\/div>\n<\/div>\n<\/div><\/div><\/div><!-- \/.sc_testimonials -->\t\t\t\t<\/div>\n\t\t\t\t<\/div>\n\t\t\t\t\t<\/div>\n\t\t<\/div>\n\t\t\t\t\t<\/div>\n\t\t<\/section>\n\t\t\t\t<section class=\"elementor-section elementor-top-section elementor-element elementor-element-b039336 elementor-section-boxed elementor-section-height-default elementor-section-height-default sc_fly_static\" data-id=\"b039336\" data-element_type=\"section\" data-e-type=\"section\">\n\t\t\t\t\t\t<div class=\"elementor-container elementor-column-gap-extended\">\n\t\t\t\t\t<div class=\"elementor-column elementor-col-100 elementor-top-column elementor-element elementor-element-dd3d796 sc_inner_width_none sc_content_align_inherit sc_layouts_column_icons_position_left sc_fly_static\" data-id=\"dd3d796\" data-element_type=\"column\" data-e-type=\"column\">\n\t\t\t<div class=\"elementor-widget-wrap elementor-element-populated\">\n\t\t\t\t\t\t<div class=\"elementor-element elementor-element-aeb6a7c sc_height_huge elementor-widget elementor-widget-spacer\" data-id=\"aeb6a7c\" data-element_type=\"widget\" data-e-type=\"widget\" data-widget_type=\"spacer.default\">\n\t\t\t\t\t\t\t<div class=\"elementor-spacer\">\n\t\t\t<div class=\"elementor-spacer-inner\"><\/div>\n\t\t<\/div>\n\t\t\t\t\t\t<\/div>\n\t\t\t\t\t<\/div>\n\t\t<\/div>\n\t\t\t\t\t<\/div>\n\t\t<\/section>\n\t\t\t\t<\/div>\n\t\t","protected":false},"excerpt":{"rendered":"<p>Opinie klient\u00f3w Zadowoleni klienci to nasza duma. Cenimy ka\u017cd\u0105 opini\u0119 od naszych klient\u00f3w, pomagasz nam ulepsza\u0107 nasz serwis Zostaw opini\u0119 Very intuitive software. [sensitive content hidden] is always available for&hellip;<\/p>\n","protected":false},"author":4,"featured_media":0,"parent":0,"menu_order":0,"comment_status":"closed","ping_status":"closed","template":"","meta":{"_acf_changed":false,"footnotes":""},"class_list":["post-22951","page","type-page","status-publish","hentry"],"acf":[],"yoast_head":"<!-- This site is optimized with the Yoast SEO plugin v27.3 - https:\/\/yoast.com\/product\/yoast-seo-wordpress\/ -->\n<title>Opinie klient\u00f3w - TopRentApp<\/title>\n<meta name=\"description\" content=\"Zadowoleni klienci to nasza duma. Cenimy ka\u017cd\u0105 opini\u0119 od naszych klient\u00f3w, pomagasz nam ulepsza\u0107 nasz serwis\" \/>\n<meta name=\"robots\" content=\"index, follow, max-snippet:-1, max-image-preview:large, max-video-preview:-1\" \/>\n<link rel=\"canonical\" href=\"https:\/\/toprentapp.com\/pl\/opinie-klientow\" \/>\n<meta property=\"og:locale\" content=\"pl_PL\" \/>\n<meta property=\"og:type\" content=\"article\" \/>\n<meta property=\"og:title\" content=\"Opinie klient\u00f3w - TopRentApp\" \/>\n<meta property=\"og:description\" content=\"Zadowoleni klienci to nasza duma. Cenimy ka\u017cd\u0105 opini\u0119 od naszych klient\u00f3w, pomagasz nam ulepsza\u0107 nasz serwis\" \/>\n<meta property=\"og:url\" content=\"https:\/\/toprentapp.com\/pl\/opinie-klientow\" \/>\n<meta property=\"og:site_name\" content=\"TopRentApp\" \/>\n<meta property=\"article:publisher\" content=\"https:\/\/www.facebook.com\/toprentappitalia\/\" \/>\n<meta property=\"article:modified_time\" content=\"2024-06-14T10:30:22+00:00\" \/>\n<meta property=\"og:image\" content=\"https:\/\/toprentapp.com\/wp-content\/uploads\/2020\/04\/2022-12-09__152919-120x120.png\" \/>\n<meta name=\"twitter:card\" content=\"summary_large_image\" \/>\n<meta name=\"twitter:label1\" content=\"Szacowany czas czytania\" \/>\n\t<meta name=\"twitter:data1\" content=\"2 minuty\" \/>\n<script type=\"application\/ld+json\" class=\"yoast-schema-graph\">{\"@context\":\"https:\\\/\\\/schema.org\",\"@graph\":[{\"@type\":\"WebPage\",\"@id\":\"https:\\\/\\\/toprentapp.com\\\/pl\\\/opinie-klientow\",\"url\":\"https:\\\/\\\/toprentapp.com\\\/pl\\\/opinie-klientow\",\"name\":\"Opinie klient\u00f3w - TopRentApp\",\"isPartOf\":{\"@id\":\"https:\\\/\\\/toprentapp.com\\\/pl#website\"},\"primaryImageOfPage\":{\"@id\":\"https:\\\/\\\/toprentapp.com\\\/pl\\\/opinie-klientow#primaryimage\"},\"image\":{\"@id\":\"https:\\\/\\\/toprentapp.com\\\/pl\\\/opinie-klientow#primaryimage\"},\"thumbnailUrl\":\"https:\\\/\\\/toprentapp.com\\\/wp-content\\\/uploads\\\/2020\\\/04\\\/2022-12-09__152919-120x120.png\",\"datePublished\":\"2023-12-28T14:10:52+00:00\",\"dateModified\":\"2024-06-14T10:30:22+00:00\",\"description\":\"Zadowoleni klienci to nasza duma. Cenimy ka\u017cd\u0105 opini\u0119 od naszych klient\u00f3w, pomagasz nam ulepsza\u0107 nasz serwis\",\"breadcrumb\":{\"@id\":\"https:\\\/\\\/toprentapp.com\\\/pl\\\/opinie-klientow#breadcrumb\"},\"inLanguage\":\"pl-PL\",\"potentialAction\":[{\"@type\":\"ReadAction\",\"target\":[\"https:\\\/\\\/toprentapp.com\\\/pl\\\/opinie-klientow\"]}]},{\"@type\":\"ImageObject\",\"inLanguage\":\"pl-PL\",\"@id\":\"https:\\\/\\\/toprentapp.com\\\/pl\\\/opinie-klientow#primaryimage\",\"url\":\"https:\\\/\\\/toprentapp.com\\\/wp-content\\\/uploads\\\/2020\\\/04\\\/2022-12-09__152919-120x120.png\",\"contentUrl\":\"https:\\\/\\\/toprentapp.com\\\/wp-content\\\/uploads\\\/2020\\\/04\\\/2022-12-09__152919-120x120.png\"},{\"@type\":\"BreadcrumbList\",\"@id\":\"https:\\\/\\\/toprentapp.com\\\/pl\\\/opinie-klientow#breadcrumb\",\"itemListElement\":[{\"@type\":\"ListItem\",\"position\":1,\"name\":\"Home\",\"item\":\"https:\\\/\\\/toprentapp.com\\\/pl\"},{\"@type\":\"ListItem\",\"position\":2,\"name\":\"Opinie klient\u00f3w\"}]},{\"@type\":\"WebSite\",\"@id\":\"https:\\\/\\\/toprentapp.com\\\/pl#website\",\"url\":\"https:\\\/\\\/toprentapp.com\\\/pl\",\"name\":\"TopRentApp\",\"description\":\"Car Rental Management Software &amp; CRM Solution\",\"publisher\":{\"@id\":\"https:\\\/\\\/toprentapp.com\\\/pl#organization\"},\"potentialAction\":[{\"@type\":\"SearchAction\",\"target\":{\"@type\":\"EntryPoint\",\"urlTemplate\":\"https:\\\/\\\/toprentapp.com\\\/pl?s={search_term_string}\"},\"query-input\":{\"@type\":\"PropertyValueSpecification\",\"valueRequired\":true,\"valueName\":\"search_term_string\"}}],\"inLanguage\":\"pl-PL\"},{\"@type\":\"Organization\",\"@id\":\"https:\\\/\\\/toprentapp.com\\\/pl#organization\",\"name\":\"TopRentApp\",\"url\":\"https:\\\/\\\/toprentapp.com\\\/pl\",\"logo\":{\"@type\":\"ImageObject\",\"inLanguage\":\"pl-PL\",\"@id\":\"https:\\\/\\\/toprentapp.com\\\/pl#\\\/schema\\\/logo\\\/image\\\/\",\"url\":\"https:\\\/\\\/toprentapp.com\\\/wp-content\\\/uploads\\\/2024\\\/01\\\/logo.png\",\"contentUrl\":\"https:\\\/\\\/toprentapp.com\\\/wp-content\\\/uploads\\\/2024\\\/01\\\/logo.png\",\"width\":275,\"height\":36,\"caption\":\"TopRentApp\"},\"image\":{\"@id\":\"https:\\\/\\\/toprentapp.com\\\/pl#\\\/schema\\\/logo\\\/image\\\/\"},\"sameAs\":[\"https:\\\/\\\/www.facebook.com\\\/toprentappitalia\\\/\",\"https:\\\/\\\/www.instagram.com\\\/toprentappitalia\\\/\"]}]}<\/script>\n<!-- \/ Yoast SEO plugin. -->","yoast_head_json":{"title":"Opinie klient\u00f3w - TopRentApp","description":"Zadowoleni klienci to nasza duma. Cenimy ka\u017cd\u0105 opini\u0119 od naszych klient\u00f3w, pomagasz nam ulepsza\u0107 nasz serwis","robots":{"index":"index","follow":"follow","max-snippet":"max-snippet:-1","max-image-preview":"max-image-preview:large","max-video-preview":"max-video-preview:-1"},"canonical":"https:\/\/toprentapp.com\/pl\/opinie-klientow","og_locale":"pl_PL","og_type":"article","og_title":"Opinie klient\u00f3w - TopRentApp","og_description":"Zadowoleni klienci to nasza duma. Cenimy ka\u017cd\u0105 opini\u0119 od naszych klient\u00f3w, pomagasz nam ulepsza\u0107 nasz serwis","og_url":"https:\/\/toprentapp.com\/pl\/opinie-klientow","og_site_name":"TopRentApp","article_publisher":"https:\/\/www.facebook.com\/toprentappitalia\/","article_modified_time":"2024-06-14T10:30:22+00:00","og_image":[{"url":"https:\/\/toprentapp.com\/wp-content\/uploads\/2020\/04\/2022-12-09__152919-120x120.png","type":"","width":"","height":""}],"twitter_card":"summary_large_image","twitter_misc":{"Szacowany czas czytania":"2 minuty"},"schema":{"@context":"https:\/\/schema.org","@graph":[{"@type":"WebPage","@id":"https:\/\/toprentapp.com\/pl\/opinie-klientow","url":"https:\/\/toprentapp.com\/pl\/opinie-klientow","name":"Opinie klient\u00f3w - TopRentApp","isPartOf":{"@id":"https:\/\/toprentapp.com\/pl#website"},"primaryImageOfPage":{"@id":"https:\/\/toprentapp.com\/pl\/opinie-klientow#primaryimage"},"image":{"@id":"https:\/\/toprentapp.com\/pl\/opinie-klientow#primaryimage"},"thumbnailUrl":"https:\/\/toprentapp.com\/wp-content\/uploads\/2020\/04\/2022-12-09__152919-120x120.png","datePublished":"2023-12-28T14:10:52+00:00","dateModified":"2024-06-14T10:30:22+00:00","description":"Zadowoleni klienci to nasza duma. Cenimy ka\u017cd\u0105 opini\u0119 od naszych klient\u00f3w, pomagasz nam ulepsza\u0107 nasz serwis","breadcrumb":{"@id":"https:\/\/toprentapp.com\/pl\/opinie-klientow#breadcrumb"},"inLanguage":"pl-PL","potentialAction":[{"@type":"ReadAction","target":["https:\/\/toprentapp.com\/pl\/opinie-klientow"]}]},{"@type":"ImageObject","inLanguage":"pl-PL","@id":"https:\/\/toprentapp.com\/pl\/opinie-klientow#primaryimage","url":"https:\/\/toprentapp.com\/wp-content\/uploads\/2020\/04\/2022-12-09__152919-120x120.png","contentUrl":"https:\/\/toprentapp.com\/wp-content\/uploads\/2020\/04\/2022-12-09__152919-120x120.png"},{"@type":"BreadcrumbList","@id":"https:\/\/toprentapp.com\/pl\/opinie-klientow#breadcrumb","itemListElement":[{"@type":"ListItem","position":1,"name":"Home","item":"https:\/\/toprentapp.com\/pl"},{"@type":"ListItem","position":2,"name":"Opinie klient\u00f3w"}]},{"@type":"WebSite","@id":"https:\/\/toprentapp.com\/pl#website","url":"https:\/\/toprentapp.com\/pl","name":"TopRentApp","description":"Car Rental Management Software &amp; CRM Solution","publisher":{"@id":"https:\/\/toprentapp.com\/pl#organization"},"potentialAction":[{"@type":"SearchAction","target":{"@type":"EntryPoint","urlTemplate":"https:\/\/toprentapp.com\/pl?s={search_term_string}"},"query-input":{"@type":"PropertyValueSpecification","valueRequired":true,"valueName":"search_term_string"}}],"inLanguage":"pl-PL"},{"@type":"Organization","@id":"https:\/\/toprentapp.com\/pl#organization","name":"TopRentApp","url":"https:\/\/toprentapp.com\/pl","logo":{"@type":"ImageObject","inLanguage":"pl-PL","@id":"https:\/\/toprentapp.com\/pl#\/schema\/logo\/image\/","url":"https:\/\/toprentapp.com\/wp-content\/uploads\/2024\/01\/logo.png","contentUrl":"https:\/\/toprentapp.com\/wp-content\/uploads\/2024\/01\/logo.png","width":275,"height":36,"caption":"TopRentApp"},"image":{"@id":"https:\/\/toprentapp.com\/pl#\/schema\/logo\/image\/"},"sameAs":["https:\/\/www.facebook.com\/toprentappitalia\/","https:\/\/www.instagram.com\/toprentappitalia\/"]}]}},"_links":{"self":[{"href":"https:\/\/toprentapp.com\/pl\/wp-json\/wp\/v2\/pages\/22951","targetHints":{"allow":["GET"]}}],"collection":[{"href":"https:\/\/toprentapp.com\/pl\/wp-json\/wp\/v2\/pages"}],"about":[{"href":"https:\/\/toprentapp.com\/pl\/wp-json\/wp\/v2\/types\/page"}],"author":[{"embeddable":true,"href":"https:\/\/toprentapp.com\/pl\/wp-json\/wp\/v2\/users\/4"}],"replies":[{"embeddable":true,"href":"https:\/\/toprentapp.com\/pl\/wp-json\/wp\/v2\/comments?post=22951"}],"version-history":[{"count":0,"href":"https:\/\/toprentapp.com\/pl\/wp-json\/wp\/v2\/pages\/22951\/revisions"}],"wp:attachment":[{"href":"https:\/\/toprentapp.com\/pl\/wp-json\/wp\/v2\/media?parent=22951"}],"curies":[{"name":"wp","href":"https:\/\/api.w.org\/{rel}","templated":true}]}}