{"id":29458,"date":"2023-12-28T15:10:52","date_gmt":"2023-12-28T14:10:52","guid":{"rendered":"https:\/\/toprentapp.com\/avis-des-clients"},"modified":"2024-10-18T14:26:31","modified_gmt":"2024-10-18T12:26:31","slug":"avis-des-clients","status":"publish","type":"page","link":"https:\/\/toprentapp.com\/fr\/avis-des-clients","title":{"rendered":"Avis des clients"},"content":{"rendered":"\t\t<div data-elementor-type=\"wp-page\" data-elementor-id=\"29458\" class=\"elementor elementor-29458 elementor-20172\" data-elementor-post-type=\"page\">\n\t\t\t\t\t\t<section class=\"elementor-section elementor-top-section elementor-element elementor-element-809273d elementor-section-boxed elementor-section-height-default elementor-section-height-default sc_fly_static\" data-id=\"809273d\" data-element_type=\"section\" data-e-type=\"section\">\n\t\t\t\t\t\t<div class=\"elementor-container elementor-column-gap-extended\">\n\t\t\t\t\t<div class=\"elementor-column elementor-col-100 elementor-top-column elementor-element elementor-element-96c9bd9 sc_inner_width_none sc_content_align_inherit sc_layouts_column_icons_position_left sc_fly_static\" data-id=\"96c9bd9\" data-element_type=\"column\" data-e-type=\"column\">\n\t\t\t<div class=\"elementor-widget-wrap elementor-element-populated\">\n\t\t\t\t\t\t<div class=\"elementor-element elementor-element-bff3708 sc_height_huge elementor-widget elementor-widget-spacer\" data-id=\"bff3708\" data-element_type=\"widget\" data-e-type=\"widget\" data-widget_type=\"spacer.default\">\n\t\t\t\t\t\t\t<div class=\"elementor-spacer\">\n\t\t\t<div class=\"elementor-spacer-inner\"><\/div>\n\t\t<\/div>\n\t\t\t\t\t\t<\/div>\n\t\t\t\t<section class=\"elementor-section elementor-inner-section elementor-element elementor-element-52452a1 elementor-section-content-bottom elementor-section-boxed elementor-section-height-default elementor-section-height-default sc_fly_static\" data-id=\"52452a1\" data-element_type=\"section\" data-e-type=\"section\">\n\t\t\t\t\t\t<div class=\"elementor-container elementor-column-gap-no\">\n\t\t\t\t\t<div class=\"elementor-column elementor-col-50 elementor-inner-column elementor-element elementor-element-021fc3b sc_inner_width_none sc_content_align_inherit sc_layouts_column_icons_position_left sc_fly_static\" data-id=\"021fc3b\" data-element_type=\"column\" data-e-type=\"column\">\n\t\t\t<div class=\"elementor-widget-wrap elementor-element-populated\">\n\t\t\t\t\t\t<div class=\"elementor-element elementor-element-97e65d7 sc_fly_static elementor-widget elementor-widget-trx_sc_title\" data-id=\"97e65d7\" data-element_type=\"widget\" data-e-type=\"widget\" data-widget_type=\"trx_sc_title.default\">\n\t\t\t\t<div class=\"elementor-widget-container\">\n\t\t\t\t\t<div\t\tclass=\"sc_title sc_title_default\" ><h3 class=\"sc_item_title sc_title_title sc_item_title_style_default sc_item_title_tag\"\n\t\t\t><span class=\"sc_item_title_text\">Avis des clients<\/span><\/h3><div class=\"sc_item_descr sc_title_descr\"><p>Les clients satisfaits sont notre fiert\u00e9. Nous appr\u00e9cions chaque commentaire de nos clients, vous nous aidez \u00e0 am\u00e9liorer notre service. <\/p>\n<\/div><\/div>\t\t\t\t<\/div>\n\t\t\t\t<\/div>\n\t\t\t\t\t<\/div>\n\t\t<\/div>\n\t\t\t\t<div class=\"elementor-column elementor-col-50 elementor-inner-column elementor-element elementor-element-88b64a0 sc_layouts_column_align_right sc_layouts_column sc-mobile_layouts_column_align_left sc_layouts_column sc_inner_width_none sc_content_align_inherit sc_layouts_column_icons_position_left sc_fly_static\" data-id=\"88b64a0\" data-element_type=\"column\" data-e-type=\"column\">\n\t\t\t<div class=\"elementor-widget-wrap elementor-element-populated\">\n\t\t\t\t\t\t<div class=\"elementor-element elementor-element-e3166ec sc_height_small sc_layouts_hide_on_wide sc_layouts_hide_on_desktop sc_layouts_hide_on_notebook sc_layouts_hide_on_tablet elementor-widget elementor-widget-spacer\" data-id=\"e3166ec\" data-element_type=\"widget\" data-e-type=\"widget\" data-widget_type=\"spacer.default\">\n\t\t\t\t\t\t\t<div class=\"elementor-spacer\">\n\t\t\t<div class=\"elementor-spacer-inner\"><\/div>\n\t\t<\/div>\n\t\t\t\t\t\t<\/div>\n\t\t\t\t<div class=\"elementor-element elementor-element-d8da397 sc_fly_static elementor-widget elementor-widget-trx_sc_button\" data-id=\"d8da397\" data-element_type=\"widget\" data-e-type=\"widget\" data-widget_type=\"trx_sc_button.default\">\n\t\t\t\t<div class=\"elementor-widget-container\">\n\t\t\t\t\t<div\tclass=\"sc_item_button sc_button_wrap\" ><a href=\"#popup-form\" class=\"sc_button sc_button_default has_small_padding sc_button_size_normal sc_button_icon_left\" ><span class=\"sc_button_text\"><span class=\"sc_button_title\">Laisser les commentaires<\/span><\/span><\/a><\/div>\t\t\t\t<\/div>\n\t\t\t\t<\/div>\n\t\t\t\t\t<\/div>\n\t\t<\/div>\n\t\t\t\t\t<\/div>\n\t\t<\/section>\n\t\t\t\t<div class=\"elementor-element elementor-element-3f5e1ce sc_height_small elementor-widget elementor-widget-spacer\" data-id=\"3f5e1ce\" data-element_type=\"widget\" data-e-type=\"widget\" data-widget_type=\"spacer.default\">\n\t\t\t\t\t\t\t<div class=\"elementor-spacer\">\n\t\t\t<div class=\"elementor-spacer-inner\"><\/div>\n\t\t<\/div>\n\t\t\t\t\t\t<\/div>\n\t\t\t\t<div class=\"elementor-element elementor-element-4f51674 sc_fly_static elementor-widget elementor-widget-trx_sc_testimonials\" data-id=\"4f51674\" data-element_type=\"widget\" data-e-type=\"widget\" data-widget_type=\"trx_sc_testimonials.default\">\n\t\t\t\t<div class=\"elementor-widget-container\">\n\t\t\t\t\t<div \t\tclass=\"sc_testimonials sc_testimonials_accent\"><div class=\"sc_testimonials_columns_wrap sc_item_columns trx_addons_columns_wrap columns_padding_bottom\"><div class=\"trx_addons_column-1_2\"><div data-post-id=\"29405\" class=\"sc_testimonials_item sc_item_container post_container\">\n\t<div class=\"sc_testimonials_item_content\">\n<p>Le programme fonctionne rapidement. Toutes les informations sont t\u00e9l\u00e9charg\u00e9es et trait\u00e9es en quelques minutes. Gr\u00e2ce \u00e0 Toprent.app, nous avons pu \u00e9conomiser beaucoup de ressources  <\/p>\n<\/div>\n\t<div class=\"sc_testimonials_item_author\">\n\t\t\t\t\t<div class=\"sc_testimonials_item_author_avatar\"><img decoding=\"async\" width=\"120\" height=\"120\" src=\"https:\/\/toprentapp.com\/wp-content\/uploads\/2024\/03\/istockphoto-50222117-120x120.webp\" class=\"attachment-qwery-thumb-tiny size-qwery-thumb-tiny wp-post-image\" alt=\"Claudio\" srcset=\"https:\/\/toprentapp.com\/wp-content\/uploads\/2024\/03\/istockphoto-50222117-120x120.webp 120w, https:\/\/toprentapp.com\/wp-content\/uploads\/2024\/03\/istockphoto-50222117-150x150.webp 150w\" sizes=\"(max-width: 120px) 100vw, 120px\" \/><\/div>\n\t\t\t\t<div class=\"sc_testimonials_item_author_data\">\n\t\t\t<h4 class=\"sc_testimonials_item_author_title\">Claudio<\/h4>\n\t\t\t\t\t<\/div>\n\t<\/div>\n<\/div>\n<\/div><div class=\"trx_addons_column-1_2\"><div data-post-id=\"29407\" class=\"sc_testimonials_item sc_item_container post_container\">\n\t<div class=\"sc_testimonials_item_content\">\n<p>Nous avons rapidement adapt\u00e9 Toprent.app \u00e0 notre flotte de v\u00e9hicules. De plus, les d\u00e9veloppeurs ont pris en compte tous nos souhaits selon nos sp\u00e9cifications et ont fourni les fonctionnalit\u00e9s n\u00e9cessaires en peu de temps. <\/p>\n<\/div>\n\t<div class=\"sc_testimonials_item_author\">\n\t\t\t\t\t<div class=\"sc_testimonials_item_author_avatar\"><img decoding=\"async\" width=\"120\" height=\"120\" src=\"https:\/\/toprentapp.com\/wp-content\/uploads\/2024\/03\/noroot-120x120.webp\" class=\"attachment-qwery-thumb-tiny size-qwery-thumb-tiny wp-post-image\" alt=\"Jacopo\" srcset=\"https:\/\/toprentapp.com\/wp-content\/uploads\/2024\/03\/noroot-120x120.webp 120w, https:\/\/toprentapp.com\/wp-content\/uploads\/2024\/03\/noroot-150x150.webp 150w\" sizes=\"(max-width: 120px) 100vw, 120px\" \/><\/div>\n\t\t\t\t<div class=\"sc_testimonials_item_author_data\">\n\t\t\t<h4 class=\"sc_testimonials_item_author_title\">Jacopo<\/h4>\n\t\t\t\t\t<\/div>\n\t<\/div>\n<\/div>\n<\/div><div class=\"trx_addons_column-1_2\"><div data-post-id=\"29409\" class=\"sc_testimonials_item sc_item_container post_container\">\n\t<div class=\"sc_testimonials_item_content\">\n<p>Logiciel tr\u00e8s intuitif. [sensitive content hidden] est toujours disponible pour toute clarification \u00e0 tout moment, m\u00eame le week-end.<\/p>\n<\/div>\n\t<div class=\"sc_testimonials_item_author\">\n\t\t\t\t\t<div class=\"sc_testimonials_item_author_avatar\"><img decoding=\"async\" width=\"120\" height=\"120\" src=\"https:\/\/toprentapp.com\/wp-content\/uploads\/2020\/04\/2022-12-09__152919-120x120.png\" class=\"attachment-qwery-thumb-tiny size-qwery-thumb-tiny wp-post-image\" alt=\"Alessandra\" srcset=\"https:\/\/toprentapp.com\/wp-content\/uploads\/2020\/04\/2022-12-09__152919-120x120.png 120w, https:\/\/toprentapp.com\/wp-content\/uploads\/2020\/04\/2022-12-09__152919-150x150.png 150w, https:\/\/toprentapp.com\/wp-content\/uploads\/2020\/04\/2022-12-09__152919-370x370.png 370w\" sizes=\"(max-width: 120px) 100vw, 120px\" \/><\/div>\n\t\t\t\t<div class=\"sc_testimonials_item_author_data\">\n\t\t\t<h4 class=\"sc_testimonials_item_author_title\">Alessandra<\/h4>\n\t\t\t\t\t<\/div>\n\t<\/div>\n<\/div>\n<\/div><div class=\"trx_addons_column-1_2\"><div data-post-id=\"29411\" class=\"sc_testimonials_item sc_item_container post_container\">\n\t<div class=\"sc_testimonials_item_content\">\n<p>Dans l&rsquo;ensemble je me sens bien, cela a simplifi\u00e9 mon travail et la gestion des voitures et des r\u00e9servations. Bon rapport qualit\u00e9\/prix. <\/p>\n<\/div>\n\t<div class=\"sc_testimonials_item_author\">\n\t\t\t\t\t<div class=\"sc_testimonials_item_author_avatar\"><img loading=\"lazy\" decoding=\"async\" width=\"120\" height=\"120\" src=\"https:\/\/toprentapp.com\/wp-content\/uploads\/2020\/04\/depositphotos_17913-120x120.png\" class=\"attachment-qwery-thumb-tiny size-qwery-thumb-tiny wp-post-image\" alt=\"Michele\" srcset=\"https:\/\/toprentapp.com\/wp-content\/uploads\/2020\/04\/depositphotos_17913-120x120.png 120w, https:\/\/toprentapp.com\/wp-content\/uploads\/2020\/04\/depositphotos_17913-150x150.png 150w, https:\/\/toprentapp.com\/wp-content\/uploads\/2020\/04\/depositphotos_17913-370x370.png 370w\" sizes=\"(max-width: 120px) 100vw, 120px\" \/><\/div>\n\t\t\t\t<div class=\"sc_testimonials_item_author_data\">\n\t\t\t<h4 class=\"sc_testimonials_item_author_title\">Michele<\/h4>\n\t\t\t\t\t<\/div>\n\t<\/div>\n<\/div>\n<\/div><div class=\"trx_addons_column-1_2\"><div data-post-id=\"29420\" class=\"sc_testimonials_item sc_item_container post_container\">\n\t<div class=\"sc_testimonials_item_content\">\n<p>De nombreux probl\u00e8mes en terme de comptabilit\u00e9 et de gestion d&rsquo;une location de voiture.<\/p>\n<\/div>\n\t<div class=\"sc_testimonials_item_author\">\n\t\t\t\t\t<div class=\"sc_testimonials_item_author_avatar\"><img loading=\"lazy\" decoding=\"async\" width=\"120\" height=\"120\" src=\"https:\/\/toprentapp.com\/wp-content\/uploads\/2020\/04\/2022-12-09__153005-120x120.webp\" class=\"attachment-qwery-thumb-tiny size-qwery-thumb-tiny wp-post-image\" alt=\"Marco\" srcset=\"https:\/\/toprentapp.com\/wp-content\/uploads\/2020\/04\/2022-12-09__153005-120x120.webp 120w, https:\/\/toprentapp.com\/wp-content\/uploads\/2020\/04\/2022-12-09__153005-150x150.webp 150w\" sizes=\"(max-width: 120px) 100vw, 120px\" \/><\/div>\n\t\t\t\t<div class=\"sc_testimonials_item_author_data\">\n\t\t\t<h4 class=\"sc_testimonials_item_author_title\">Marco<\/h4>\n\t\t\t\t\t<\/div>\n\t<\/div>\n<\/div>\n<\/div><div class=\"trx_addons_column-1_2\"><div data-post-id=\"29419\" class=\"sc_testimonials_item sc_item_container post_container\">\n\t<div class=\"sc_testimonials_item_content\">\n<p>J\u2019ai eu le plaisir de vivre une exp\u00e9rience incroyable avec Top Rent \u2013 \u200b\u200bHautement recommand\u00e9 !<\/p>\n<\/div>\n\t<div class=\"sc_testimonials_item_author\">\n\t\t\t\t\t<div class=\"sc_testimonials_item_author_avatar\"><img loading=\"lazy\" decoding=\"async\" width=\"120\" height=\"120\" src=\"https:\/\/toprentapp.com\/wp-content\/uploads\/2020\/04\/istockphoto-50222117-120x120.jpeg\" class=\"attachment-qwery-thumb-tiny size-qwery-thumb-tiny wp-post-image\" alt=\"Marvona Rent Car\" srcset=\"https:\/\/toprentapp.com\/wp-content\/uploads\/2020\/04\/istockphoto-50222117-120x120.jpeg 120w, https:\/\/toprentapp.com\/wp-content\/uploads\/2020\/04\/istockphoto-50222117-150x150.jpeg 150w, https:\/\/toprentapp.com\/wp-content\/uploads\/2020\/04\/istockphoto-50222117-370x370.jpeg 370w\" sizes=\"(max-width: 120px) 100vw, 120px\" \/><\/div>\n\t\t\t\t<div class=\"sc_testimonials_item_author_data\">\n\t\t\t<h4 class=\"sc_testimonials_item_author_title\">Marvona Rent Car<\/h4>\n\t\t\t\t\t<\/div>\n\t<\/div>\n<\/div>\n<\/div><\/div><\/div><!-- \/.sc_testimonials -->\t\t\t\t<\/div>\n\t\t\t\t<\/div>\n\t\t\t\t\t<\/div>\n\t\t<\/div>\n\t\t\t\t\t<\/div>\n\t\t<\/section>\n\t\t\t\t<section class=\"elementor-section elementor-top-section elementor-element elementor-element-b039336 elementor-section-boxed elementor-section-height-default elementor-section-height-default sc_fly_static\" data-id=\"b039336\" data-element_type=\"section\" data-e-type=\"section\">\n\t\t\t\t\t\t<div class=\"elementor-container elementor-column-gap-extended\">\n\t\t\t\t\t<div class=\"elementor-column elementor-col-100 elementor-top-column elementor-element elementor-element-dd3d796 sc_inner_width_none sc_content_align_inherit sc_layouts_column_icons_position_left sc_fly_static\" data-id=\"dd3d796\" data-element_type=\"column\" data-e-type=\"column\">\n\t\t\t<div class=\"elementor-widget-wrap elementor-element-populated\">\n\t\t\t\t\t\t<div class=\"elementor-element elementor-element-aeb6a7c sc_height_huge elementor-widget elementor-widget-spacer\" data-id=\"aeb6a7c\" data-element_type=\"widget\" data-e-type=\"widget\" data-widget_type=\"spacer.default\">\n\t\t\t\t\t\t\t<div class=\"elementor-spacer\">\n\t\t\t<div class=\"elementor-spacer-inner\"><\/div>\n\t\t<\/div>\n\t\t\t\t\t\t<\/div>\n\t\t\t\t\t<\/div>\n\t\t<\/div>\n\t\t\t\t\t<\/div>\n\t\t<\/section>\n\t\t\t\t<\/div>\n\t\t","protected":false},"excerpt":{"rendered":"<p>Avis des clients Les clients satisfaits sont notre fiert\u00e9. Nous appr\u00e9cions chaque commentaire de nos clients, vous nous aidez \u00e0 am\u00e9liorer notre service. Laisser les commentaires The program works quickly.&hellip;<\/p>\n","protected":false},"author":4,"featured_media":0,"parent":0,"menu_order":0,"comment_status":"closed","ping_status":"closed","template":"","meta":{"_acf_changed":false,"footnotes":""},"class_list":["post-29458","page","type-page","status-publish","hentry"],"acf":[],"yoast_head":"<!-- This site is optimized with the Yoast SEO plugin v27.4 - https:\/\/yoast.com\/product\/yoast-seo-wordpress\/ -->\n<title>Customer Reviews - TopRentApp<\/title>\n<meta name=\"description\" content=\"Discover what our customers have to say about their experiences with TopRentApp on our Customer Reviews page. Explore authentic testimonials and feedback from rental businesses who have benefited from our software solutions.\" \/>\n<meta name=\"robots\" content=\"index, follow, max-snippet:-1, max-image-preview:large, max-video-preview:-1\" \/>\n<link rel=\"canonical\" href=\"https:\/\/toprentapp.com\/fr\/avis-des-clients\" \/>\n<meta property=\"og:locale\" content=\"fr_FR\" \/>\n<meta property=\"og:type\" content=\"article\" \/>\n<meta property=\"og:title\" content=\"Customer Reviews - TopRentApp\" \/>\n<meta property=\"og:description\" content=\"Discover what our customers have to say about their experiences with TopRentApp on our Customer Reviews page. Explore authentic testimonials and feedback from rental businesses who have benefited from our software solutions.\" \/>\n<meta property=\"og:url\" content=\"https:\/\/toprentapp.com\/fr\/avis-des-clients\" \/>\n<meta property=\"og:site_name\" content=\"TopRentApp\" \/>\n<meta property=\"article:publisher\" content=\"https:\/\/www.facebook.com\/toprentappitalia\/\" \/>\n<meta property=\"article:modified_time\" content=\"2024-10-18T12:26:31+00:00\" \/>\n<meta property=\"og:image\" content=\"https:\/\/toprentapp.com\/wp-content\/uploads\/2024\/03\/istockphoto-50222117-120x120.webp\" \/>\n<meta name=\"twitter:card\" content=\"summary_large_image\" \/>\n<meta name=\"twitter:label1\" content=\"Dur\u00e9e de lecture estim\u00e9e\" \/>\n\t<meta name=\"twitter:data1\" content=\"1 minute\" \/>\n<script type=\"application\/ld+json\" class=\"yoast-schema-graph\">{\"@context\":\"https:\\\/\\\/schema.org\",\"@graph\":[{\"@type\":\"WebPage\",\"@id\":\"https:\\\/\\\/toprentapp.com\\\/fr\\\/avis-des-clients\",\"url\":\"https:\\\/\\\/toprentapp.com\\\/fr\\\/avis-des-clients\",\"name\":\"Customer Reviews - TopRentApp\",\"isPartOf\":{\"@id\":\"https:\\\/\\\/toprentapp.com\\\/fr#website\"},\"primaryImageOfPage\":{\"@id\":\"https:\\\/\\\/toprentapp.com\\\/fr\\\/avis-des-clients#primaryimage\"},\"image\":{\"@id\":\"https:\\\/\\\/toprentapp.com\\\/fr\\\/avis-des-clients#primaryimage\"},\"thumbnailUrl\":\"https:\\\/\\\/toprentapp.com\\\/wp-content\\\/uploads\\\/2024\\\/03\\\/istockphoto-50222117-120x120.webp\",\"datePublished\":\"2023-12-28T14:10:52+00:00\",\"dateModified\":\"2024-10-18T12:26:31+00:00\",\"description\":\"Discover what our customers have to say about their experiences with TopRentApp on our Customer Reviews page. Explore authentic testimonials and feedback from rental businesses who have benefited from our software solutions.\",\"breadcrumb\":{\"@id\":\"https:\\\/\\\/toprentapp.com\\\/fr\\\/avis-des-clients#breadcrumb\"},\"inLanguage\":\"fr-FR\",\"potentialAction\":[{\"@type\":\"ReadAction\",\"target\":[\"https:\\\/\\\/toprentapp.com\\\/fr\\\/avis-des-clients\"]}]},{\"@type\":\"ImageObject\",\"inLanguage\":\"fr-FR\",\"@id\":\"https:\\\/\\\/toprentapp.com\\\/fr\\\/avis-des-clients#primaryimage\",\"url\":\"https:\\\/\\\/toprentapp.com\\\/wp-content\\\/uploads\\\/2024\\\/03\\\/istockphoto-50222117-120x120.webp\",\"contentUrl\":\"https:\\\/\\\/toprentapp.com\\\/wp-content\\\/uploads\\\/2024\\\/03\\\/istockphoto-50222117-120x120.webp\"},{\"@type\":\"BreadcrumbList\",\"@id\":\"https:\\\/\\\/toprentapp.com\\\/fr\\\/avis-des-clients#breadcrumb\",\"itemListElement\":[{\"@type\":\"ListItem\",\"position\":1,\"name\":\"Home\",\"item\":\"https:\\\/\\\/toprentapp.com\\\/fr\"},{\"@type\":\"ListItem\",\"position\":2,\"name\":\"Avis des clients\"}]},{\"@type\":\"WebSite\",\"@id\":\"https:\\\/\\\/toprentapp.com\\\/fr#website\",\"url\":\"https:\\\/\\\/toprentapp.com\\\/fr\",\"name\":\"TopRentApp\",\"description\":\"Car Rental Management Software &amp; CRM Solution\",\"publisher\":{\"@id\":\"https:\\\/\\\/toprentapp.com\\\/fr#organization\"},\"potentialAction\":[{\"@type\":\"SearchAction\",\"target\":{\"@type\":\"EntryPoint\",\"urlTemplate\":\"https:\\\/\\\/toprentapp.com\\\/fr?s={search_term_string}\"},\"query-input\":{\"@type\":\"PropertyValueSpecification\",\"valueRequired\":true,\"valueName\":\"search_term_string\"}}],\"inLanguage\":\"fr-FR\"},{\"@type\":\"Organization\",\"@id\":\"https:\\\/\\\/toprentapp.com\\\/fr#organization\",\"name\":\"TopRentApp\",\"url\":\"https:\\\/\\\/toprentapp.com\\\/fr\",\"logo\":{\"@type\":\"ImageObject\",\"inLanguage\":\"fr-FR\",\"@id\":\"https:\\\/\\\/toprentapp.com\\\/fr#\\\/schema\\\/logo\\\/image\\\/\",\"url\":\"https:\\\/\\\/toprentapp.com\\\/wp-content\\\/uploads\\\/2024\\\/01\\\/logo.png\",\"contentUrl\":\"https:\\\/\\\/toprentapp.com\\\/wp-content\\\/uploads\\\/2024\\\/01\\\/logo.png\",\"width\":275,\"height\":36,\"caption\":\"TopRentApp\"},\"image\":{\"@id\":\"https:\\\/\\\/toprentapp.com\\\/fr#\\\/schema\\\/logo\\\/image\\\/\"},\"sameAs\":[\"https:\\\/\\\/www.facebook.com\\\/toprentappitalia\\\/\",\"https:\\\/\\\/www.instagram.com\\\/toprentappitalia\\\/\"]}]}<\/script>\n<!-- \/ Yoast SEO plugin. -->","yoast_head_json":{"title":"Customer Reviews - TopRentApp","description":"Discover what our customers have to say about their experiences with TopRentApp on our Customer Reviews page. Explore authentic testimonials and feedback from rental businesses who have benefited from our software solutions.","robots":{"index":"index","follow":"follow","max-snippet":"max-snippet:-1","max-image-preview":"max-image-preview:large","max-video-preview":"max-video-preview:-1"},"canonical":"https:\/\/toprentapp.com\/fr\/avis-des-clients","og_locale":"fr_FR","og_type":"article","og_title":"Customer Reviews - TopRentApp","og_description":"Discover what our customers have to say about their experiences with TopRentApp on our Customer Reviews page. Explore authentic testimonials and feedback from rental businesses who have benefited from our software solutions.","og_url":"https:\/\/toprentapp.com\/fr\/avis-des-clients","og_site_name":"TopRentApp","article_publisher":"https:\/\/www.facebook.com\/toprentappitalia\/","article_modified_time":"2024-10-18T12:26:31+00:00","og_image":[{"url":"https:\/\/toprentapp.com\/wp-content\/uploads\/2024\/03\/istockphoto-50222117-120x120.webp","type":"","width":"","height":""}],"twitter_card":"summary_large_image","twitter_misc":{"Dur\u00e9e de lecture estim\u00e9e":"1 minute"},"schema":{"@context":"https:\/\/schema.org","@graph":[{"@type":"WebPage","@id":"https:\/\/toprentapp.com\/fr\/avis-des-clients","url":"https:\/\/toprentapp.com\/fr\/avis-des-clients","name":"Customer Reviews - TopRentApp","isPartOf":{"@id":"https:\/\/toprentapp.com\/fr#website"},"primaryImageOfPage":{"@id":"https:\/\/toprentapp.com\/fr\/avis-des-clients#primaryimage"},"image":{"@id":"https:\/\/toprentapp.com\/fr\/avis-des-clients#primaryimage"},"thumbnailUrl":"https:\/\/toprentapp.com\/wp-content\/uploads\/2024\/03\/istockphoto-50222117-120x120.webp","datePublished":"2023-12-28T14:10:52+00:00","dateModified":"2024-10-18T12:26:31+00:00","description":"Discover what our customers have to say about their experiences with TopRentApp on our Customer Reviews page. Explore authentic testimonials and feedback from rental businesses who have benefited from our software solutions.","breadcrumb":{"@id":"https:\/\/toprentapp.com\/fr\/avis-des-clients#breadcrumb"},"inLanguage":"fr-FR","potentialAction":[{"@type":"ReadAction","target":["https:\/\/toprentapp.com\/fr\/avis-des-clients"]}]},{"@type":"ImageObject","inLanguage":"fr-FR","@id":"https:\/\/toprentapp.com\/fr\/avis-des-clients#primaryimage","url":"https:\/\/toprentapp.com\/wp-content\/uploads\/2024\/03\/istockphoto-50222117-120x120.webp","contentUrl":"https:\/\/toprentapp.com\/wp-content\/uploads\/2024\/03\/istockphoto-50222117-120x120.webp"},{"@type":"BreadcrumbList","@id":"https:\/\/toprentapp.com\/fr\/avis-des-clients#breadcrumb","itemListElement":[{"@type":"ListItem","position":1,"name":"Home","item":"https:\/\/toprentapp.com\/fr"},{"@type":"ListItem","position":2,"name":"Avis des clients"}]},{"@type":"WebSite","@id":"https:\/\/toprentapp.com\/fr#website","url":"https:\/\/toprentapp.com\/fr","name":"TopRentApp","description":"Car Rental Management Software &amp; CRM Solution","publisher":{"@id":"https:\/\/toprentapp.com\/fr#organization"},"potentialAction":[{"@type":"SearchAction","target":{"@type":"EntryPoint","urlTemplate":"https:\/\/toprentapp.com\/fr?s={search_term_string}"},"query-input":{"@type":"PropertyValueSpecification","valueRequired":true,"valueName":"search_term_string"}}],"inLanguage":"fr-FR"},{"@type":"Organization","@id":"https:\/\/toprentapp.com\/fr#organization","name":"TopRentApp","url":"https:\/\/toprentapp.com\/fr","logo":{"@type":"ImageObject","inLanguage":"fr-FR","@id":"https:\/\/toprentapp.com\/fr#\/schema\/logo\/image\/","url":"https:\/\/toprentapp.com\/wp-content\/uploads\/2024\/01\/logo.png","contentUrl":"https:\/\/toprentapp.com\/wp-content\/uploads\/2024\/01\/logo.png","width":275,"height":36,"caption":"TopRentApp"},"image":{"@id":"https:\/\/toprentapp.com\/fr#\/schema\/logo\/image\/"},"sameAs":["https:\/\/www.facebook.com\/toprentappitalia\/","https:\/\/www.instagram.com\/toprentappitalia\/"]}]}},"_links":{"self":[{"href":"https:\/\/toprentapp.com\/fr\/wp-json\/wp\/v2\/pages\/29458","targetHints":{"allow":["GET"]}}],"collection":[{"href":"https:\/\/toprentapp.com\/fr\/wp-json\/wp\/v2\/pages"}],"about":[{"href":"https:\/\/toprentapp.com\/fr\/wp-json\/wp\/v2\/types\/page"}],"author":[{"embeddable":true,"href":"https:\/\/toprentapp.com\/fr\/wp-json\/wp\/v2\/users\/4"}],"replies":[{"embeddable":true,"href":"https:\/\/toprentapp.com\/fr\/wp-json\/wp\/v2\/comments?post=29458"}],"version-history":[{"count":0,"href":"https:\/\/toprentapp.com\/fr\/wp-json\/wp\/v2\/pages\/29458\/revisions"}],"wp:attachment":[{"href":"https:\/\/toprentapp.com\/fr\/wp-json\/wp\/v2\/media?parent=29458"}],"curies":[{"name":"wp","href":"https:\/\/api.w.org\/{rel}","templated":true}]}}