{"id":27285,"date":"2023-12-28T15:10:52","date_gmt":"2023-12-28T14:10:52","guid":{"rendered":"https:\/\/toprentapp.com\/resenas-de-los-clientes"},"modified":"2024-05-24T13:08:56","modified_gmt":"2024-05-24T11:08:56","slug":"resenas-de-los-clientes","status":"publish","type":"page","link":"https:\/\/toprentapp.com\/es\/resenas-de-los-clientes","title":{"rendered":"Rese\u00f1as de los clientes"},"content":{"rendered":"\t\t<div data-elementor-type=\"wp-page\" data-elementor-id=\"27285\" class=\"elementor elementor-27285 elementor-20172\" data-elementor-post-type=\"page\">\n\t\t\t\t\t\t<section class=\"elementor-section elementor-top-section elementor-element elementor-element-809273d elementor-section-boxed elementor-section-height-default elementor-section-height-default sc_fly_static\" data-id=\"809273d\" data-element_type=\"section\" data-e-type=\"section\">\n\t\t\t\t\t\t<div class=\"elementor-container elementor-column-gap-extended\">\n\t\t\t\t\t<div class=\"elementor-column elementor-col-100 elementor-top-column elementor-element elementor-element-96c9bd9 sc_inner_width_none sc_content_align_inherit sc_layouts_column_icons_position_left sc_fly_static\" data-id=\"96c9bd9\" data-element_type=\"column\" data-e-type=\"column\">\n\t\t\t<div class=\"elementor-widget-wrap elementor-element-populated\">\n\t\t\t\t\t\t<div class=\"elementor-element elementor-element-bff3708 sc_height_huge elementor-widget elementor-widget-spacer\" data-id=\"bff3708\" data-element_type=\"widget\" data-e-type=\"widget\" data-widget_type=\"spacer.default\">\n\t\t\t\t\t\t\t<div class=\"elementor-spacer\">\n\t\t\t<div class=\"elementor-spacer-inner\"><\/div>\n\t\t<\/div>\n\t\t\t\t\t\t<\/div>\n\t\t\t\t<section class=\"elementor-section elementor-inner-section elementor-element elementor-element-52452a1 elementor-section-content-bottom elementor-section-boxed elementor-section-height-default elementor-section-height-default sc_fly_static\" data-id=\"52452a1\" data-element_type=\"section\" data-e-type=\"section\">\n\t\t\t\t\t\t<div class=\"elementor-container elementor-column-gap-no\">\n\t\t\t\t\t<div class=\"elementor-column elementor-col-50 elementor-inner-column elementor-element elementor-element-021fc3b sc_inner_width_none sc_content_align_inherit sc_layouts_column_icons_position_left sc_fly_static\" data-id=\"021fc3b\" data-element_type=\"column\" data-e-type=\"column\">\n\t\t\t<div class=\"elementor-widget-wrap elementor-element-populated\">\n\t\t\t\t\t\t<div class=\"elementor-element elementor-element-97e65d7 sc_fly_static elementor-widget elementor-widget-trx_sc_title\" data-id=\"97e65d7\" data-element_type=\"widget\" data-e-type=\"widget\" data-widget_type=\"trx_sc_title.default\">\n\t\t\t\t<div class=\"elementor-widget-container\">\n\t\t\t\t\t<div\t\tclass=\"sc_title sc_title_default\" ><h3 class=\"sc_item_title sc_title_title sc_item_title_style_default sc_item_title_tag\"\n\t\t\t><span class=\"sc_item_title_text\">Rese\u00f1as de los clientes<\/span><\/h3><div class=\"sc_item_descr sc_title_descr\"><p>Los clientes satisfechos son nuestra prioridad. Apreciamos todas las rese\u00f1as de nuestros clientes, ay\u00fadanos a mejorar nuestro servicio.<\/p>\n<\/div><\/div>\t\t\t\t<\/div>\n\t\t\t\t<\/div>\n\t\t\t\t\t<\/div>\n\t\t<\/div>\n\t\t\t\t<div class=\"elementor-column elementor-col-50 elementor-inner-column elementor-element elementor-element-88b64a0 sc_layouts_column_align_right sc_layouts_column sc-mobile_layouts_column_align_left sc_layouts_column sc_inner_width_none sc_content_align_inherit sc_layouts_column_icons_position_left sc_fly_static\" data-id=\"88b64a0\" data-element_type=\"column\" data-e-type=\"column\">\n\t\t\t<div class=\"elementor-widget-wrap elementor-element-populated\">\n\t\t\t\t\t\t<div class=\"elementor-element elementor-element-e3166ec sc_height_small sc_layouts_hide_on_wide sc_layouts_hide_on_desktop sc_layouts_hide_on_notebook sc_layouts_hide_on_tablet elementor-widget elementor-widget-spacer\" data-id=\"e3166ec\" data-element_type=\"widget\" data-e-type=\"widget\" data-widget_type=\"spacer.default\">\n\t\t\t\t\t\t\t<div class=\"elementor-spacer\">\n\t\t\t<div class=\"elementor-spacer-inner\"><\/div>\n\t\t<\/div>\n\t\t\t\t\t\t<\/div>\n\t\t\t\t<div class=\"elementor-element elementor-element-d8da397 sc_fly_static elementor-widget elementor-widget-trx_sc_button\" data-id=\"d8da397\" data-element_type=\"widget\" data-e-type=\"widget\" data-widget_type=\"trx_sc_button.default\">\n\t\t\t\t<div class=\"elementor-widget-container\">\n\t\t\t\t\t<div\tclass=\"sc_item_button sc_button_wrap\" ><a href=\"#popup-form\" class=\"sc_button sc_button_default has_small_padding sc_button_size_normal sc_button_icon_left\" ><span class=\"sc_button_text\"><span class=\"sc_button_title\">Deja un comentario<\/span><\/span><\/a><\/div>\t\t\t\t<\/div>\n\t\t\t\t<\/div>\n\t\t\t\t\t<\/div>\n\t\t<\/div>\n\t\t\t\t\t<\/div>\n\t\t<\/section>\n\t\t\t\t<div class=\"elementor-element elementor-element-3f5e1ce sc_height_small elementor-widget elementor-widget-spacer\" data-id=\"3f5e1ce\" data-element_type=\"widget\" data-e-type=\"widget\" data-widget_type=\"spacer.default\">\n\t\t\t\t\t\t\t<div class=\"elementor-spacer\">\n\t\t\t<div class=\"elementor-spacer-inner\"><\/div>\n\t\t<\/div>\n\t\t\t\t\t\t<\/div>\n\t\t\t\t<div class=\"elementor-element elementor-element-4f51674 sc_fly_static elementor-widget elementor-widget-trx_sc_testimonials\" data-id=\"4f51674\" data-element_type=\"widget\" data-e-type=\"widget\" data-widget_type=\"trx_sc_testimonials.default\">\n\t\t\t\t<div class=\"elementor-widget-container\">\n\t\t\t\t\t<div \t\tclass=\"sc_testimonials sc_testimonials_accent\"><div class=\"sc_testimonials_columns_wrap sc_item_columns trx_addons_columns_wrap columns_padding_bottom\"><div class=\"trx_addons_column-1_2\"><div data-post-id=\"27655\" class=\"sc_testimonials_item sc_item_container post_container\">\n\t<div class=\"sc_testimonials_item_content\">\n<p>El programa funciona r\u00e1pidamente. Toda la informaci\u00f3n se carga y procesa en minutos. Gracias a Toprent.app tuvimos la oportunidad de ahorrar muchos recursos<\/p>\n<\/div>\n\t<div class=\"sc_testimonials_item_author\">\n\t\t\t\t\t<div class=\"sc_testimonials_item_author_avatar\"><img decoding=\"async\" width=\"120\" height=\"120\" src=\"https:\/\/toprentapp.com\/wp-content\/uploads\/2024\/03\/istockphoto-50222117-120x120.webp\" class=\"attachment-qwery-thumb-tiny size-qwery-thumb-tiny wp-post-image\" alt=\"Claudio\" srcset=\"https:\/\/toprentapp.com\/wp-content\/uploads\/2024\/03\/istockphoto-50222117-120x120.webp 120w, https:\/\/toprentapp.com\/wp-content\/uploads\/2024\/03\/istockphoto-50222117-150x150.webp 150w\" sizes=\"(max-width: 120px) 100vw, 120px\" \/><\/div>\n\t\t\t\t<div class=\"sc_testimonials_item_author_data\">\n\t\t\t<h4 class=\"sc_testimonials_item_author_title\">Claudio<\/h4>\n\t\t\t\t\t<\/div>\n\t<\/div>\n<\/div>\n<\/div><div class=\"trx_addons_column-1_2\"><div data-post-id=\"27657\" class=\"sc_testimonials_item sc_item_container post_container\">\n\t<div class=\"sc_testimonials_item_content\">\n<p>R\u00e1pidamente adaptamos Toprent.app a nuestra flota. Adem\u00e1s, los desarrolladores tuvieron en cuenta todos nuestros deseos en cuanto a nuestras especificaciones t\u00e9cnicas y proporcionaron las funciones necesarias en poco tiempo.<\/p>\n<\/div>\n\t<div class=\"sc_testimonials_item_author\">\n\t\t\t\t\t<div class=\"sc_testimonials_item_author_avatar\"><img decoding=\"async\" width=\"120\" height=\"120\" src=\"https:\/\/toprentapp.com\/wp-content\/uploads\/2024\/03\/noroot-120x120.webp\" class=\"attachment-qwery-thumb-tiny size-qwery-thumb-tiny wp-post-image\" alt=\"Jacopo\" srcset=\"https:\/\/toprentapp.com\/wp-content\/uploads\/2024\/03\/noroot-120x120.webp 120w, https:\/\/toprentapp.com\/wp-content\/uploads\/2024\/03\/noroot-150x150.webp 150w\" sizes=\"(max-width: 120px) 100vw, 120px\" \/><\/div>\n\t\t\t\t<div class=\"sc_testimonials_item_author_data\">\n\t\t\t<h4 class=\"sc_testimonials_item_author_title\">Jacopo<\/h4>\n\t\t\t\t\t<\/div>\n\t<\/div>\n<\/div>\n<\/div><div class=\"trx_addons_column-1_2\"><div data-post-id=\"27659\" class=\"sc_testimonials_item sc_item_container post_container\">\n\t<div class=\"sc_testimonials_item_content\">\n<p>Software muy intuitivo. [sensitive content hidden] Siempre disponible para cualquier aclaraci\u00f3n en cualquier momento, incluso los fines de semana.<\/p>\n<\/div>\n\t<div class=\"sc_testimonials_item_author\">\n\t\t\t\t\t<div class=\"sc_testimonials_item_author_avatar\"><img decoding=\"async\" width=\"120\" height=\"120\" src=\"https:\/\/toprentapp.com\/wp-content\/uploads\/2020\/04\/2022-12-09__152919-120x120.png\" class=\"attachment-qwery-thumb-tiny size-qwery-thumb-tiny wp-post-image\" alt=\"Alessandra\" srcset=\"https:\/\/toprentapp.com\/wp-content\/uploads\/2020\/04\/2022-12-09__152919-120x120.png 120w, https:\/\/toprentapp.com\/wp-content\/uploads\/2020\/04\/2022-12-09__152919-150x150.png 150w, https:\/\/toprentapp.com\/wp-content\/uploads\/2020\/04\/2022-12-09__152919-370x370.png 370w\" sizes=\"(max-width: 120px) 100vw, 120px\" \/><\/div>\n\t\t\t\t<div class=\"sc_testimonials_item_author_data\">\n\t\t\t<h4 class=\"sc_testimonials_item_author_title\">Alessandra<\/h4>\n\t\t\t\t\t<\/div>\n\t<\/div>\n<\/div>\n<\/div><div class=\"trx_addons_column-1_2\"><div data-post-id=\"27661\" class=\"sc_testimonials_item sc_item_container post_container\">\n\t<div class=\"sc_testimonials_item_content\">\n<p>En general me siento bien, me ha simplificado el trabajo y la gesti\u00f3n de coches y reservas. Buen valor para el dinero.<\/p>\n<\/div>\n\t<div class=\"sc_testimonials_item_author\">\n\t\t\t\t\t<div class=\"sc_testimonials_item_author_avatar\"><img loading=\"lazy\" decoding=\"async\" width=\"120\" height=\"120\" src=\"https:\/\/toprentapp.com\/wp-content\/uploads\/2020\/04\/depositphotos_17913-120x120.png\" class=\"attachment-qwery-thumb-tiny size-qwery-thumb-tiny wp-post-image\" alt=\"Michele\" srcset=\"https:\/\/toprentapp.com\/wp-content\/uploads\/2020\/04\/depositphotos_17913-120x120.png 120w, https:\/\/toprentapp.com\/wp-content\/uploads\/2020\/04\/depositphotos_17913-150x150.png 150w, https:\/\/toprentapp.com\/wp-content\/uploads\/2020\/04\/depositphotos_17913-370x370.png 370w\" sizes=\"(max-width: 120px) 100vw, 120px\" \/><\/div>\n\t\t\t\t<div class=\"sc_testimonials_item_author_data\">\n\t\t\t<h4 class=\"sc_testimonials_item_author_title\">Michele<\/h4>\n\t\t\t\t\t<\/div>\n\t<\/div>\n<\/div>\n<\/div><div class=\"trx_addons_column-1_2\"><div data-post-id=\"27667\" class=\"sc_testimonials_item sc_item_container post_container\">\n\t<div class=\"sc_testimonials_item_content\">\n<p>Existen muchos problemas en t\u00e9rminos de contabilidad y gesti\u00f3n del alquiler de coches.<\/p>\n<\/div>\n\t<div class=\"sc_testimonials_item_author\">\n\t\t\t\t\t<div class=\"sc_testimonials_item_author_avatar\"><img loading=\"lazy\" decoding=\"async\" width=\"120\" height=\"120\" src=\"https:\/\/toprentapp.com\/wp-content\/uploads\/2020\/04\/2022-12-09__153005-120x120.webp\" class=\"attachment-qwery-thumb-tiny size-qwery-thumb-tiny wp-post-image\" alt=\"Marco\" srcset=\"https:\/\/toprentapp.com\/wp-content\/uploads\/2020\/04\/2022-12-09__153005-120x120.webp 120w, https:\/\/toprentapp.com\/wp-content\/uploads\/2020\/04\/2022-12-09__153005-150x150.webp 150w\" sizes=\"(max-width: 120px) 100vw, 120px\" \/><\/div>\n\t\t\t\t<div class=\"sc_testimonials_item_author_data\">\n\t\t\t<h4 class=\"sc_testimonials_item_author_title\">Marco<\/h4>\n\t\t\t\t\t<\/div>\n\t<\/div>\n<\/div>\n<\/div><div class=\"trx_addons_column-1_2\"><div data-post-id=\"27668\" class=\"sc_testimonials_item sc_item_container post_container\">\n\t<div class=\"sc_testimonials_item_content\">\n<p>Disfrut\u00e9 de una experiencia incre\u00edble con Top Rent: \u00a1muy recomendable!<\/p>\n<\/div>\n\t<div class=\"sc_testimonials_item_author\">\n\t\t\t\t\t<div class=\"sc_testimonials_item_author_avatar\"><img loading=\"lazy\" decoding=\"async\" width=\"120\" height=\"120\" src=\"https:\/\/toprentapp.com\/wp-content\/uploads\/2020\/04\/istockphoto-50222117-120x120.jpeg\" class=\"attachment-qwery-thumb-tiny size-qwery-thumb-tiny wp-post-image\" alt=\"Marvona Rent Car\" srcset=\"https:\/\/toprentapp.com\/wp-content\/uploads\/2020\/04\/istockphoto-50222117-120x120.jpeg 120w, https:\/\/toprentapp.com\/wp-content\/uploads\/2020\/04\/istockphoto-50222117-150x150.jpeg 150w, https:\/\/toprentapp.com\/wp-content\/uploads\/2020\/04\/istockphoto-50222117-370x370.jpeg 370w\" sizes=\"(max-width: 120px) 100vw, 120px\" \/><\/div>\n\t\t\t\t<div class=\"sc_testimonials_item_author_data\">\n\t\t\t<h4 class=\"sc_testimonials_item_author_title\">Marvona Rent Car<\/h4>\n\t\t\t\t\t<\/div>\n\t<\/div>\n<\/div>\n<\/div><\/div><\/div><!-- \/.sc_testimonials -->\t\t\t\t<\/div>\n\t\t\t\t<\/div>\n\t\t\t\t\t<\/div>\n\t\t<\/div>\n\t\t\t\t\t<\/div>\n\t\t<\/section>\n\t\t\t\t<section class=\"elementor-section elementor-top-section elementor-element elementor-element-b039336 elementor-section-boxed elementor-section-height-default elementor-section-height-default sc_fly_static\" data-id=\"b039336\" data-element_type=\"section\" data-e-type=\"section\">\n\t\t\t\t\t\t<div class=\"elementor-container elementor-column-gap-extended\">\n\t\t\t\t\t<div class=\"elementor-column elementor-col-100 elementor-top-column elementor-element elementor-element-dd3d796 sc_inner_width_none sc_content_align_inherit sc_layouts_column_icons_position_left sc_fly_static\" data-id=\"dd3d796\" data-element_type=\"column\" data-e-type=\"column\">\n\t\t\t<div class=\"elementor-widget-wrap elementor-element-populated\">\n\t\t\t\t\t\t<div class=\"elementor-element elementor-element-aeb6a7c sc_height_huge elementor-widget elementor-widget-spacer\" data-id=\"aeb6a7c\" data-element_type=\"widget\" data-e-type=\"widget\" data-widget_type=\"spacer.default\">\n\t\t\t\t\t\t\t<div class=\"elementor-spacer\">\n\t\t\t<div class=\"elementor-spacer-inner\"><\/div>\n\t\t<\/div>\n\t\t\t\t\t\t<\/div>\n\t\t\t\t\t<\/div>\n\t\t<\/div>\n\t\t\t\t\t<\/div>\n\t\t<\/section>\n\t\t\t\t<\/div>\n\t\t","protected":false},"excerpt":{"rendered":"<p>Rese\u00f1as de los clientes Los clientes satisfechos son nuestra prioridad. Apreciamos todas las rese\u00f1as de nuestros clientes, ay\u00fadanos a mejorar nuestro servicio. Deja un comentario The program works quickly. All&hellip;<\/p>\n","protected":false},"author":4,"featured_media":0,"parent":0,"menu_order":0,"comment_status":"closed","ping_status":"closed","template":"","meta":{"_acf_changed":false,"footnotes":""},"class_list":["post-27285","page","type-page","status-publish","hentry"],"acf":[],"yoast_head":"<!-- This site is optimized with the Yoast SEO plugin v27.4 - https:\/\/yoast.com\/product\/yoast-seo-wordpress\/ -->\n<title>Rese\u00f1as de los clientes<\/title>\n<meta name=\"description\" content=\"Rese\u00f1as de los clientes - TopRentApp\" \/>\n<meta name=\"robots\" content=\"index, follow, max-snippet:-1, max-image-preview:large, max-video-preview:-1\" \/>\n<link rel=\"canonical\" href=\"https:\/\/toprentapp.com\/es\/resenas-de-los-clientes\" \/>\n<meta property=\"og:locale\" content=\"es_ES\" \/>\n<meta property=\"og:type\" content=\"article\" \/>\n<meta property=\"og:title\" content=\"Rese\u00f1as de los clientes\" \/>\n<meta property=\"og:description\" content=\"Rese\u00f1as de los clientes - TopRentApp\" \/>\n<meta property=\"og:url\" content=\"https:\/\/toprentapp.com\/es\/resenas-de-los-clientes\" \/>\n<meta property=\"og:site_name\" content=\"TopRentApp\" \/>\n<meta property=\"article:publisher\" content=\"https:\/\/www.facebook.com\/toprentappitalia\/\" \/>\n<meta property=\"article:modified_time\" content=\"2024-05-24T11:08:56+00:00\" \/>\n<meta property=\"og:image\" content=\"https:\/\/toprentapp.com\/wp-content\/uploads\/2024\/03\/istockphoto-50222117-120x120.webp\" \/>\n<meta name=\"twitter:card\" content=\"summary_large_image\" \/>\n<meta name=\"twitter:label1\" content=\"Tiempo de lectura\" \/>\n\t<meta name=\"twitter:data1\" content=\"1 minuto\" \/>\n<script type=\"application\/ld+json\" class=\"yoast-schema-graph\">{\"@context\":\"https:\\\/\\\/schema.org\",\"@graph\":[{\"@type\":\"WebPage\",\"@id\":\"https:\\\/\\\/toprentapp.com\\\/es\\\/resenas-de-los-clientes\",\"url\":\"https:\\\/\\\/toprentapp.com\\\/es\\\/resenas-de-los-clientes\",\"name\":\"Rese\u00f1as de los clientes\",\"isPartOf\":{\"@id\":\"https:\\\/\\\/toprentapp.com\\\/es#website\"},\"primaryImageOfPage\":{\"@id\":\"https:\\\/\\\/toprentapp.com\\\/es\\\/resenas-de-los-clientes#primaryimage\"},\"image\":{\"@id\":\"https:\\\/\\\/toprentapp.com\\\/es\\\/resenas-de-los-clientes#primaryimage\"},\"thumbnailUrl\":\"https:\\\/\\\/toprentapp.com\\\/wp-content\\\/uploads\\\/2024\\\/03\\\/istockphoto-50222117-120x120.webp\",\"datePublished\":\"2023-12-28T14:10:52+00:00\",\"dateModified\":\"2024-05-24T11:08:56+00:00\",\"description\":\"Rese\u00f1as de los clientes - TopRentApp\",\"breadcrumb\":{\"@id\":\"https:\\\/\\\/toprentapp.com\\\/es\\\/resenas-de-los-clientes#breadcrumb\"},\"inLanguage\":\"es\",\"potentialAction\":[{\"@type\":\"ReadAction\",\"target\":[\"https:\\\/\\\/toprentapp.com\\\/es\\\/resenas-de-los-clientes\"]}]},{\"@type\":\"ImageObject\",\"inLanguage\":\"es\",\"@id\":\"https:\\\/\\\/toprentapp.com\\\/es\\\/resenas-de-los-clientes#primaryimage\",\"url\":\"https:\\\/\\\/toprentapp.com\\\/wp-content\\\/uploads\\\/2024\\\/03\\\/istockphoto-50222117-120x120.webp\",\"contentUrl\":\"https:\\\/\\\/toprentapp.com\\\/wp-content\\\/uploads\\\/2024\\\/03\\\/istockphoto-50222117-120x120.webp\"},{\"@type\":\"BreadcrumbList\",\"@id\":\"https:\\\/\\\/toprentapp.com\\\/es\\\/resenas-de-los-clientes#breadcrumb\",\"itemListElement\":[{\"@type\":\"ListItem\",\"position\":1,\"name\":\"Home\",\"item\":\"https:\\\/\\\/toprentapp.com\\\/es\"},{\"@type\":\"ListItem\",\"position\":2,\"name\":\"Rese\u00f1as de los clientes\"}]},{\"@type\":\"WebSite\",\"@id\":\"https:\\\/\\\/toprentapp.com\\\/es#website\",\"url\":\"https:\\\/\\\/toprentapp.com\\\/es\",\"name\":\"TopRentApp\",\"description\":\"Car Rental Management Software &amp; CRM Solution\",\"publisher\":{\"@id\":\"https:\\\/\\\/toprentapp.com\\\/es#organization\"},\"potentialAction\":[{\"@type\":\"SearchAction\",\"target\":{\"@type\":\"EntryPoint\",\"urlTemplate\":\"https:\\\/\\\/toprentapp.com\\\/es?s={search_term_string}\"},\"query-input\":{\"@type\":\"PropertyValueSpecification\",\"valueRequired\":true,\"valueName\":\"search_term_string\"}}],\"inLanguage\":\"es\"},{\"@type\":\"Organization\",\"@id\":\"https:\\\/\\\/toprentapp.com\\\/es#organization\",\"name\":\"TopRentApp\",\"url\":\"https:\\\/\\\/toprentapp.com\\\/es\",\"logo\":{\"@type\":\"ImageObject\",\"inLanguage\":\"es\",\"@id\":\"https:\\\/\\\/toprentapp.com\\\/es#\\\/schema\\\/logo\\\/image\\\/\",\"url\":\"https:\\\/\\\/toprentapp.com\\\/wp-content\\\/uploads\\\/2024\\\/01\\\/logo.png\",\"contentUrl\":\"https:\\\/\\\/toprentapp.com\\\/wp-content\\\/uploads\\\/2024\\\/01\\\/logo.png\",\"width\":275,\"height\":36,\"caption\":\"TopRentApp\"},\"image\":{\"@id\":\"https:\\\/\\\/toprentapp.com\\\/es#\\\/schema\\\/logo\\\/image\\\/\"},\"sameAs\":[\"https:\\\/\\\/www.facebook.com\\\/toprentappitalia\\\/\",\"https:\\\/\\\/www.instagram.com\\\/toprentappitalia\\\/\"]}]}<\/script>\n<!-- \/ Yoast SEO plugin. -->","yoast_head_json":{"title":"Rese\u00f1as de los clientes","description":"Rese\u00f1as de los clientes - TopRentApp","robots":{"index":"index","follow":"follow","max-snippet":"max-snippet:-1","max-image-preview":"max-image-preview:large","max-video-preview":"max-video-preview:-1"},"canonical":"https:\/\/toprentapp.com\/es\/resenas-de-los-clientes","og_locale":"es_ES","og_type":"article","og_title":"Rese\u00f1as de los clientes","og_description":"Rese\u00f1as de los clientes - TopRentApp","og_url":"https:\/\/toprentapp.com\/es\/resenas-de-los-clientes","og_site_name":"TopRentApp","article_publisher":"https:\/\/www.facebook.com\/toprentappitalia\/","article_modified_time":"2024-05-24T11:08:56+00:00","og_image":[{"url":"https:\/\/toprentapp.com\/wp-content\/uploads\/2024\/03\/istockphoto-50222117-120x120.webp","type":"","width":"","height":""}],"twitter_card":"summary_large_image","twitter_misc":{"Tiempo de lectura":"1 minuto"},"schema":{"@context":"https:\/\/schema.org","@graph":[{"@type":"WebPage","@id":"https:\/\/toprentapp.com\/es\/resenas-de-los-clientes","url":"https:\/\/toprentapp.com\/es\/resenas-de-los-clientes","name":"Rese\u00f1as de los clientes","isPartOf":{"@id":"https:\/\/toprentapp.com\/es#website"},"primaryImageOfPage":{"@id":"https:\/\/toprentapp.com\/es\/resenas-de-los-clientes#primaryimage"},"image":{"@id":"https:\/\/toprentapp.com\/es\/resenas-de-los-clientes#primaryimage"},"thumbnailUrl":"https:\/\/toprentapp.com\/wp-content\/uploads\/2024\/03\/istockphoto-50222117-120x120.webp","datePublished":"2023-12-28T14:10:52+00:00","dateModified":"2024-05-24T11:08:56+00:00","description":"Rese\u00f1as de los clientes - TopRentApp","breadcrumb":{"@id":"https:\/\/toprentapp.com\/es\/resenas-de-los-clientes#breadcrumb"},"inLanguage":"es","potentialAction":[{"@type":"ReadAction","target":["https:\/\/toprentapp.com\/es\/resenas-de-los-clientes"]}]},{"@type":"ImageObject","inLanguage":"es","@id":"https:\/\/toprentapp.com\/es\/resenas-de-los-clientes#primaryimage","url":"https:\/\/toprentapp.com\/wp-content\/uploads\/2024\/03\/istockphoto-50222117-120x120.webp","contentUrl":"https:\/\/toprentapp.com\/wp-content\/uploads\/2024\/03\/istockphoto-50222117-120x120.webp"},{"@type":"BreadcrumbList","@id":"https:\/\/toprentapp.com\/es\/resenas-de-los-clientes#breadcrumb","itemListElement":[{"@type":"ListItem","position":1,"name":"Home","item":"https:\/\/toprentapp.com\/es"},{"@type":"ListItem","position":2,"name":"Rese\u00f1as de los clientes"}]},{"@type":"WebSite","@id":"https:\/\/toprentapp.com\/es#website","url":"https:\/\/toprentapp.com\/es","name":"TopRentApp","description":"Car Rental Management Software &amp; CRM Solution","publisher":{"@id":"https:\/\/toprentapp.com\/es#organization"},"potentialAction":[{"@type":"SearchAction","target":{"@type":"EntryPoint","urlTemplate":"https:\/\/toprentapp.com\/es?s={search_term_string}"},"query-input":{"@type":"PropertyValueSpecification","valueRequired":true,"valueName":"search_term_string"}}],"inLanguage":"es"},{"@type":"Organization","@id":"https:\/\/toprentapp.com\/es#organization","name":"TopRentApp","url":"https:\/\/toprentapp.com\/es","logo":{"@type":"ImageObject","inLanguage":"es","@id":"https:\/\/toprentapp.com\/es#\/schema\/logo\/image\/","url":"https:\/\/toprentapp.com\/wp-content\/uploads\/2024\/01\/logo.png","contentUrl":"https:\/\/toprentapp.com\/wp-content\/uploads\/2024\/01\/logo.png","width":275,"height":36,"caption":"TopRentApp"},"image":{"@id":"https:\/\/toprentapp.com\/es#\/schema\/logo\/image\/"},"sameAs":["https:\/\/www.facebook.com\/toprentappitalia\/","https:\/\/www.instagram.com\/toprentappitalia\/"]}]}},"_links":{"self":[{"href":"https:\/\/toprentapp.com\/es\/wp-json\/wp\/v2\/pages\/27285","targetHints":{"allow":["GET"]}}],"collection":[{"href":"https:\/\/toprentapp.com\/es\/wp-json\/wp\/v2\/pages"}],"about":[{"href":"https:\/\/toprentapp.com\/es\/wp-json\/wp\/v2\/types\/page"}],"author":[{"embeddable":true,"href":"https:\/\/toprentapp.com\/es\/wp-json\/wp\/v2\/users\/4"}],"replies":[{"embeddable":true,"href":"https:\/\/toprentapp.com\/es\/wp-json\/wp\/v2\/comments?post=27285"}],"version-history":[{"count":0,"href":"https:\/\/toprentapp.com\/es\/wp-json\/wp\/v2\/pages\/27285\/revisions"}],"wp:attachment":[{"href":"https:\/\/toprentapp.com\/es\/wp-json\/wp\/v2\/media?parent=27285"}],"curies":[{"name":"wp","href":"https:\/\/api.w.org\/{rel}","templated":true}]}}