{"id":27283,"date":"2023-12-28T14:28:57","date_gmt":"2023-12-28T13:28:57","guid":{"rendered":"https:\/\/toprentapp.com\/metodos-de-pago"},"modified":"2024-05-24T13:08:20","modified_gmt":"2024-05-24T11:08:20","slug":"metodos-de-pago","status":"publish","type":"page","link":"https:\/\/toprentapp.com\/es\/metodos-de-pago","title":{"rendered":"M\u00e9todos de pago"},"content":{"rendered":"\t\t<div data-elementor-type=\"wp-page\" data-elementor-id=\"27283\" class=\"elementor elementor-27283 elementor-20125\" data-elementor-post-type=\"page\">\n\t\t\t\t\t\t<section class=\"elementor-section elementor-top-section elementor-element elementor-element-809273d elementor-section-boxed elementor-section-height-default elementor-section-height-default sc_fly_static\" data-id=\"809273d\" data-element_type=\"section\" data-e-type=\"section\">\n\t\t\t\t\t\t<div class=\"elementor-container elementor-column-gap-extended\">\n\t\t\t\t\t<div class=\"elementor-column elementor-col-100 elementor-top-column elementor-element elementor-element-96c9bd9 sc_inner_width_none sc_content_align_inherit sc_layouts_column_icons_position_left sc_fly_static\" data-id=\"96c9bd9\" data-element_type=\"column\" data-e-type=\"column\">\n\t\t\t<div class=\"elementor-widget-wrap elementor-element-populated\">\n\t\t\t\t\t\t<div class=\"elementor-element elementor-element-bff3708 sc_height_huge elementor-widget elementor-widget-spacer\" data-id=\"bff3708\" data-element_type=\"widget\" data-e-type=\"widget\" data-widget_type=\"spacer.default\">\n\t\t\t\t\t\t\t<div class=\"elementor-spacer\">\n\t\t\t<div class=\"elementor-spacer-inner\"><\/div>\n\t\t<\/div>\n\t\t\t\t\t\t<\/div>\n\t\t\t\t<section class=\"elementor-section elementor-inner-section elementor-element elementor-element-87409e3 elementor-section-boxed elementor-section-height-default elementor-section-height-default sc_fly_static\" data-id=\"87409e3\" data-element_type=\"section\" data-e-type=\"section\">\n\t\t\t\t\t\t<div class=\"elementor-container elementor-column-gap-no\">\n\t\t\t\t\t<div class=\"elementor-column elementor-col-50 elementor-inner-column elementor-element elementor-element-3abb026 sc_inner_width_none sc_content_align_inherit sc_layouts_column_icons_position_left sc_fly_static\" data-id=\"3abb026\" data-element_type=\"column\" data-e-type=\"column\">\n\t\t\t<div class=\"elementor-widget-wrap elementor-element-populated\">\n\t\t\t\t\t\t<div class=\"elementor-element elementor-element-d00461a sc_fly_static elementor-widget elementor-widget-trx_sc_title\" data-id=\"d00461a\" data-element_type=\"widget\" data-e-type=\"widget\" data-widget_type=\"trx_sc_title.default\">\n\t\t\t\t<div class=\"elementor-widget-container\">\n\t\t\t\t\t<div\t\tclass=\"sc_title sc_title_default\" ><h2 class=\"sc_item_title sc_title_title sc_item_title_style_default\"\n\t\t\t><span class=\"sc_item_title_text\">M\u00e9todos de pago<\/span><\/h2><div class=\"sc_item_descr sc_title_descr\"><p>Puedes pagar por nuestros servicios de la manera que te resulte m\u00e1s conveniente: en l\u00ednea con cualquier tarjeta bancaria, mediante transferencia bancaria o criptomonedas<\/p>\n<\/div><\/div>\t\t\t\t<\/div>\n\t\t\t\t<\/div>\n\t\t\t\t\t<\/div>\n\t\t<\/div>\n\t\t\t\t<div class=\"elementor-column elementor-col-50 elementor-inner-column elementor-element elementor-element-b56685f sc_inner_width_none sc_content_align_inherit sc_layouts_column_icons_position_left sc_fly_static\" data-id=\"b56685f\" data-element_type=\"column\" data-e-type=\"column\">\n\t\t\t<div class=\"elementor-widget-wrap\">\n\t\t\t\t\t\t\t<\/div>\n\t\t<\/div>\n\t\t\t\t\t<\/div>\n\t\t<\/section>\n\t\t\t\t<div class=\"elementor-element elementor-element-e3166ec sc_height_small elementor-widget elementor-widget-spacer\" data-id=\"e3166ec\" data-element_type=\"widget\" data-e-type=\"widget\" data-widget_type=\"spacer.default\">\n\t\t\t\t\t\t\t<div class=\"elementor-spacer\">\n\t\t\t<div class=\"elementor-spacer-inner\"><\/div>\n\t\t<\/div>\n\t\t\t\t\t\t<\/div>\n\t\t\t\t<div class=\"elementor-element elementor-element-ca6ab6f elementor-widget elementor-widget-heading\" data-id=\"ca6ab6f\" data-element_type=\"widget\" data-e-type=\"widget\" data-widget_type=\"heading.default\">\n\t\t\t\t\t<h5 class=\"elementor-heading-title elementor-size-default\">Aceptamos pagos con:<\/h5>\t\t\t\t<\/div>\n\t\t\t\t<div class=\"elementor-element elementor-element-bb89c13 sc_height_small elementor-widget elementor-widget-spacer\" data-id=\"bb89c13\" data-element_type=\"widget\" data-e-type=\"widget\" data-widget_type=\"spacer.default\">\n\t\t\t\t\t\t\t<div class=\"elementor-spacer\">\n\t\t\t<div class=\"elementor-spacer-inner\"><\/div>\n\t\t<\/div>\n\t\t\t\t\t\t<\/div>\n\t\t\t\t<div class=\"elementor-element elementor-element-ae5a818 elementor-widget elementor-widget-heading\" data-id=\"ae5a818\" data-element_type=\"widget\" data-e-type=\"widget\" data-widget_type=\"heading.default\">\n\t\t\t\t\t<h6 class=\"elementor-heading-title elementor-size-default\">Tarjetas de cr\u00e9dito<\/h6>\t\t\t\t<\/div>\n\t\t\t\t<div class=\"elementor-element elementor-element-fd1d49f sc_height_tiny elementor-widget elementor-widget-spacer\" data-id=\"fd1d49f\" data-element_type=\"widget\" data-e-type=\"widget\" data-widget_type=\"spacer.default\">\n\t\t\t\t\t\t\t<div class=\"elementor-spacer\">\n\t\t\t<div class=\"elementor-spacer-inner\"><\/div>\n\t\t<\/div>\n\t\t\t\t\t\t<\/div>\n\t\t\t\t<section class=\"elementor-section elementor-inner-section elementor-element elementor-element-01739b9 elementor-section-boxed elementor-section-height-default elementor-section-height-default sc_fly_static\" data-id=\"01739b9\" data-element_type=\"section\" data-e-type=\"section\">\n\t\t\t\t\t\t<div class=\"elementor-container elementor-column-gap-no\">\n\t\t\t\t\t<div class=\"elementor-column elementor-col-100 elementor-inner-column elementor-element elementor-element-e834052 sc_inner_width_none sc_content_align_inherit sc_layouts_column_icons_position_left sc_fly_static\" data-id=\"e834052\" data-element_type=\"column\" data-e-type=\"column\">\n\t\t\t<div class=\"elementor-widget-wrap elementor-element-populated\">\n\t\t\t\t\t\t<div class=\"elementor-element elementor-element-2d01a5b elementor-widget__width-auto elementor-widget elementor-widget-image\" data-id=\"2d01a5b\" data-element_type=\"widget\" data-e-type=\"widget\" data-widget_type=\"image.default\">\n\t\t\t\t\t\t\t\t\t\t\t\t\t\t\t<img decoding=\"async\" width=\"105\" height=\"64\" src=\"https:\/\/toprentapp.com\/wp-content\/uploads\/2024\/01\/credit18.png\" class=\"attachment-full size-full wp-image-27973\" alt=\"Visa logo\" \/>\t\t\t\t\t\t\t\t\t\t\t\t\t\t\t<\/div>\n\t\t\t\t<div class=\"elementor-element elementor-element-40a5277 elementor-widget__width-auto elementor-widget elementor-widget-image\" data-id=\"40a5277\" data-element_type=\"widget\" data-e-type=\"widget\" data-widget_type=\"image.default\">\n\t\t\t\t\t\t\t\t\t\t\t\t\t\t\t<img decoding=\"async\" width=\"105\" height=\"64\" src=\"https:\/\/toprentapp.com\/wp-content\/uploads\/2024\/01\/credit01.png\" class=\"attachment-full size-full wp-image-28007\" alt=\"MasterCard logo\" \/>\t\t\t\t\t\t\t\t\t\t\t\t\t\t\t<\/div>\n\t\t\t\t<div class=\"elementor-element elementor-element-042d794 elementor-widget__width-auto elementor-widget elementor-widget-image\" data-id=\"042d794\" data-element_type=\"widget\" data-e-type=\"widget\" data-widget_type=\"image.default\">\n\t\t\t\t\t\t\t\t\t\t\t\t\t\t\t<img decoding=\"async\" width=\"105\" height=\"64\" src=\"https:\/\/toprentapp.com\/wp-content\/uploads\/2024\/01\/credit12.png\" class=\"attachment-full size-full wp-image-27985\" alt=\"JCB logo\" \/>\t\t\t\t\t\t\t\t\t\t\t\t\t\t\t<\/div>\n\t\t\t\t<div class=\"elementor-element elementor-element-86dfcb4 elementor-widget__width-auto elementor-widget elementor-widget-image\" data-id=\"86dfcb4\" data-element_type=\"widget\" data-e-type=\"widget\" data-widget_type=\"image.default\">\n\t\t\t\t\t\t\t\t\t\t\t\t\t\t\t<img loading=\"lazy\" decoding=\"async\" width=\"105\" height=\"64\" src=\"https:\/\/toprentapp.com\/wp-content\/uploads\/2024\/01\/credit15.png\" class=\"attachment-full size-full wp-image-27979\" alt=\"Maestro logo\" \/>\t\t\t\t\t\t\t\t\t\t\t\t\t\t\t<\/div>\n\t\t\t\t<div class=\"elementor-element elementor-element-3ec476a elementor-widget__width-auto elementor-widget elementor-widget-image\" data-id=\"3ec476a\" data-element_type=\"widget\" data-e-type=\"widget\" data-widget_type=\"image.default\">\n\t\t\t\t\t\t\t\t\t\t\t\t\t\t\t<img loading=\"lazy\" decoding=\"async\" width=\"105\" height=\"64\" src=\"https:\/\/toprentapp.com\/wp-content\/uploads\/2024\/01\/credit16.png\" class=\"attachment-full size-full wp-image-27977\" alt=\"American Express logo\" \/>\t\t\t\t\t\t\t\t\t\t\t\t\t\t\t<\/div>\n\t\t\t\t<div class=\"elementor-element elementor-element-38376b2 elementor-widget__width-auto elementor-widget elementor-widget-image\" data-id=\"38376b2\" data-element_type=\"widget\" data-e-type=\"widget\" data-widget_type=\"image.default\">\n\t\t\t\t\t\t\t\t\t\t\t\t\t\t\t<img loading=\"lazy\" decoding=\"async\" width=\"105\" height=\"64\" src=\"https:\/\/toprentapp.com\/wp-content\/uploads\/2024\/01\/credit02.png\" class=\"attachment-full size-full wp-image-28005\" alt=\"Discover Network logo\" \/>\t\t\t\t\t\t\t\t\t\t\t\t\t\t\t<\/div>\n\t\t\t\t\t<\/div>\n\t\t<\/div>\n\t\t\t\t\t<\/div>\n\t\t<\/section>\n\t\t\t\t<div class=\"elementor-element elementor-element-cc9f001 elementor-widget elementor-widget-spacer\" data-id=\"cc9f001\" data-element_type=\"widget\" data-e-type=\"widget\" data-widget_type=\"spacer.default\">\n\t\t\t\t\t\t\t<div class=\"elementor-spacer\">\n\t\t\t<div class=\"elementor-spacer-inner\"><\/div>\n\t\t<\/div>\n\t\t\t\t\t\t<\/div>\n\t\t\t\t<div class=\"elementor-element elementor-element-65b5d18 elementor-widget elementor-widget-heading\" data-id=\"65b5d18\" data-element_type=\"widget\" data-e-type=\"widget\" data-widget_type=\"heading.default\">\n\t\t\t\t\t<h6 class=\"elementor-heading-title elementor-size-default\">Servicios de pago<\/h6>\t\t\t\t<\/div>\n\t\t\t\t<div class=\"elementor-element elementor-element-4f74857 sc_height_tiny elementor-widget elementor-widget-spacer\" data-id=\"4f74857\" data-element_type=\"widget\" data-e-type=\"widget\" data-widget_type=\"spacer.default\">\n\t\t\t\t\t\t\t<div class=\"elementor-spacer\">\n\t\t\t<div class=\"elementor-spacer-inner\"><\/div>\n\t\t<\/div>\n\t\t\t\t\t\t<\/div>\n\t\t\t\t<div class=\"elementor-element elementor-element-caf9d47 elementor-widget__width-auto elementor-widget elementor-widget-image\" data-id=\"caf9d47\" data-element_type=\"widget\" data-e-type=\"widget\" data-widget_type=\"image.default\">\n\t\t\t\t\t\t\t\t\t\t\t\t\t\t\t<img loading=\"lazy\" decoding=\"async\" width=\"105\" height=\"64\" src=\"https:\/\/toprentapp.com\/wp-content\/uploads\/2024\/01\/credit10.png\" class=\"attachment-full size-full wp-image-27989\" alt=\"Ripple logo\" \/>\t\t\t\t\t\t\t\t\t\t\t\t\t\t\t<\/div>\n\t\t\t\t<div class=\"elementor-element elementor-element-4962b0f sc_height_huge elementor-widget elementor-widget-spacer\" data-id=\"4962b0f\" data-element_type=\"widget\" data-e-type=\"widget\" data-widget_type=\"spacer.default\">\n\t\t\t\t\t\t\t<div class=\"elementor-spacer\">\n\t\t\t<div class=\"elementor-spacer-inner\"><\/div>\n\t\t<\/div>\n\t\t\t\t\t\t<\/div>\n\t\t\t\t\t<\/div>\n\t\t<\/div>\n\t\t\t\t\t<\/div>\n\t\t<\/section>\n\t\t\t\t<section class=\"elementor-section elementor-top-section elementor-element elementor-element-33152ad scheme_dark elementor-section-full_width elementor-section-height-default elementor-section-height-default sc_fly_static\" data-id=\"33152ad\" data-element_type=\"section\" data-e-type=\"section\" data-settings=\"{&quot;background_background&quot;:&quot;classic&quot;}\">\n\t\t\t\t\t\t<div class=\"elementor-container elementor-column-gap-no\">\n\t\t\t\t\t<div class=\"elementor-column elementor-col-100 elementor-top-column elementor-element elementor-element-e77f110 sc_inner_width_none sc_content_align_inherit sc_layouts_column_icons_position_left sc_fly_static\" data-id=\"e77f110\" data-element_type=\"column\" data-e-type=\"column\">\n\t\t\t<div class=\"elementor-widget-wrap elementor-element-populated\">\n\t\t\t\t\t\t<section class=\"elementor-section elementor-inner-section elementor-element elementor-element-8a042a4 elementor-section-content-bottom elementor-section-boxed elementor-section-height-default elementor-section-height-default sc_fly_static\" data-id=\"8a042a4\" data-element_type=\"section\" data-e-type=\"section\">\n\t\t\t\t\t\t<div class=\"elementor-container elementor-column-gap-extended\">\n\t\t\t\t\t<div class=\"elementor-column elementor-col-50 elementor-inner-column elementor-element elementor-element-e3e5284 sc_inner_width_none sc_content_align_inherit sc_layouts_column_icons_position_left sc_fly_static\" data-id=\"e3e5284\" data-element_type=\"column\" data-e-type=\"column\">\n\t\t\t<div class=\"elementor-widget-wrap elementor-element-populated\">\n\t\t\t\t\t\t<div class=\"elementor-element elementor-element-447d2c5 sc_fly_static elementor-widget elementor-widget-trx_sc_title\" data-id=\"447d2c5\" data-element_type=\"widget\" data-e-type=\"widget\" data-widget_type=\"trx_sc_title.default\">\n\t\t\t\t<div class=\"elementor-widget-container\">\n\t\t\t\t\t<div\t\tclass=\"sc_title sc_title_accent\" ><h3 class=\"sc_item_title sc_title_title sc_item_title_style_accent sc_item_title_tag\"\n\t\t\t><span class=\"sc_item_title_text\">Logre m\u00e1s con Toprent.app<\/span><\/h3><\/div>\t\t\t\t<\/div>\n\t\t\t\t<\/div>\n\t\t\t\t<div class=\"elementor-element elementor-element-7c92f5b elementor-widget elementor-widget-spacer\" data-id=\"7c92f5b\" data-element_type=\"widget\" data-e-type=\"widget\" data-widget_type=\"spacer.default\">\n\t\t\t\t\t\t\t<div class=\"elementor-spacer\">\n\t\t\t<div class=\"elementor-spacer-inner\"><\/div>\n\t\t<\/div>\n\t\t\t\t\t\t<\/div>\n\t\t\t\t<div class=\"elementor-element elementor-element-6ac642a elementor-widget elementor-widget-text-editor\" data-id=\"6ac642a\" data-element_type=\"widget\" data-e-type=\"widget\" data-widget_type=\"text-editor.default\">\n\t\t\t\t\t\t\t\t\t<p>Autos ilimitados \/ Demostraci\u00f3n de 15 d\u00edas \/ Pago por uso<\/p>\n\t\t\t\t\t\t\t\t<\/div>\n\t\t\t\t<div class=\"elementor-element elementor-element-d34b998 elementor-widget elementor-widget-spacer\" data-id=\"d34b998\" data-element_type=\"widget\" data-e-type=\"widget\" data-widget_type=\"spacer.default\">\n\t\t\t\t\t\t\t<div class=\"elementor-spacer\">\n\t\t\t<div class=\"elementor-spacer-inner\"><\/div>\n\t\t<\/div>\n\t\t\t\t\t\t<\/div>\n\t\t\t\t<div class=\"elementor-element elementor-element-040e217 elementor-widget elementor-widget-shortcode\" data-id=\"040e217\" data-element_type=\"widget\" data-e-type=\"widget\" data-widget_type=\"shortcode.default\">\n\t\t\t\t\t\t\t<div class=\"elementor-shortcode\"><script>(function() {\n\twindow.mc4wp = window.mc4wp || {\n\t\tlisteners: [],\n\t\tforms: {\n\t\t\ton: function(evt, cb) {\n\t\t\t\twindow.mc4wp.listeners.push(\n\t\t\t\t\t{\n\t\t\t\t\t\tevent   : evt,\n\t\t\t\t\t\tcallback: cb\n\t\t\t\t\t}\n\t\t\t\t);\n\t\t\t}\n\t\t}\n\t}\n})();\n<\/script><!-- Mailchimp for WordPress v4.12.1 - https:\/\/wordpress.org\/plugins\/mailchimp-for-wp\/ --><form id=\"style-9\" class=\"mc4wp-form mc4wp-form-27382\" method=\"post\" data-id=\"27382\" data-name=\"Subscribe\" ><div class=\"mc4wp-form-fields\"><input type=\"email\" name=\"EMAIL\" placeholder=\" Pago seg\u00fan uso\" \/>\r\n<button>Suscribirse<\/button>\r\n<input name=\"i_agree_privacy_policy\" value=\"1\" required=\"\" type=\"checkbox\"><label>Acepto la <a href=\"https:\/\/toprentapp.com\/es\/condiciones-de-uso\" target=\"_blank\" rel=\"noopener\">Pol\u00edtica de Privacidad<\/a>.<\/label><\/div><label style=\"display: none !important;\">Deja vac\u00edo este campo si eres humano: <input type=\"text\" name=\"_mc4wp_honeypot\" value=\"\" tabindex=\"-1\" autocomplete=\"off\" \/><\/label><input type=\"hidden\" name=\"_mc4wp_timestamp\" value=\"1776384938\" \/><input type=\"hidden\" name=\"_mc4wp_form_id\" value=\"27382\" \/><input type=\"hidden\" name=\"_mc4wp_form_element_id\" value=\"style-9\" \/><div class=\"mc4wp-response\"><\/div><\/form><!-- \/ Mailchimp for WordPress Plugin --><\/div>\n\t\t\t\t\t\t<\/div>\n\t\t\t\t<div class=\"elementor-element elementor-element-a83b11f sc_layouts_hide_on_wide sc_layouts_hide_on_desktop sc_layouts_hide_on_notebook sc_layouts_hide_on_tablet elementor-widget elementor-widget-spacer\" data-id=\"a83b11f\" data-element_type=\"widget\" data-e-type=\"widget\" data-widget_type=\"spacer.default\">\n\t\t\t\t\t\t\t<div class=\"elementor-spacer\">\n\t\t\t<div class=\"elementor-spacer-inner\"><\/div>\n\t\t<\/div>\n\t\t\t\t\t\t<\/div>\n\t\t\t\t\t<\/div>\n\t\t<\/div>\n\t\t\t\t<div class=\"elementor-column elementor-col-50 elementor-inner-column elementor-element elementor-element-b40e80c sc_layouts_column_align_right sc_layouts_column sc_inner_width_none sc_content_align_inherit sc_layouts_column_icons_position_left sc_fly_static\" data-id=\"b40e80c\" data-element_type=\"column\" data-e-type=\"column\">\n\t\t\t<div class=\"elementor-widget-wrap elementor-element-populated\">\n\t\t\t\t\t\t<div class=\"elementor-element elementor-element-f051f88 border-radius-none elementor-widget elementor-widget-image\" data-id=\"f051f88\" data-element_type=\"widget\" data-e-type=\"widget\" data-widget_type=\"image.default\">\n\t\t\t\t\t\t\t\t\t\t\t\t\t\t\t<img loading=\"lazy\" decoding=\"async\" width=\"497\" height=\"328\" src=\"https:\/\/toprentapp.com\/wp-content\/uploads\/2023\/12\/first_screen_2.png\" class=\"attachment-large size-large wp-image-27296\" alt=\"Check-OUT report on mobile and notebook\" srcset=\"https:\/\/toprentapp.com\/wp-content\/uploads\/2023\/12\/first_screen_2.png 497w, https:\/\/toprentapp.com\/wp-content\/uploads\/2023\/12\/first_screen_2-300x198.png 300w, https:\/\/toprentapp.com\/wp-content\/uploads\/2023\/12\/first_screen_2-370x244.png 370w, https:\/\/toprentapp.com\/wp-content\/uploads\/2023\/12\/first_screen_2-410x271.png 410w\" sizes=\"(max-width: 600px) 100vw, 497px\" \/>\t\t\t\t\t\t\t\t\t\t\t\t\t\t\t<\/div>\n\t\t\t\t\t<\/div>\n\t\t<\/div>\n\t\t\t\t\t<\/div>\n\t\t<\/section>\n\t\t\t\t\t<\/div>\n\t\t<\/div>\n\t\t\t\t\t<\/div>\n\t\t<\/section>\n\t\t\t\t<\/div>\n\t\t","protected":false},"excerpt":{"rendered":"<p>M\u00e9todos de pago Puedes pagar por nuestros servicios de la manera que te resulte m\u00e1s conveniente: en l\u00ednea con cualquier tarjeta bancaria, mediante transferencia bancaria o criptomonedas Aceptamos pagos con:&hellip;<\/p>\n","protected":false},"author":4,"featured_media":0,"parent":0,"menu_order":0,"comment_status":"closed","ping_status":"closed","template":"","meta":{"_acf_changed":false,"footnotes":""},"class_list":["post-27283","page","type-page","status-publish","hentry"],"acf":[],"yoast_head":"<!-- This site is optimized with the Yoast SEO plugin v27.4 - https:\/\/yoast.com\/product\/yoast-seo-wordpress\/ -->\n<title>M\u00e9todos de pago<\/title>\n<meta name=\"description\" content=\"TopRentApp: m\u00e9todos de pago disponibles\" \/>\n<meta name=\"robots\" content=\"index, follow, max-snippet:-1, max-image-preview:large, max-video-preview:-1\" \/>\n<link rel=\"canonical\" href=\"https:\/\/toprentapp.com\/es\/metodos-de-pago\" \/>\n<meta property=\"og:locale\" content=\"es_ES\" \/>\n<meta property=\"og:type\" content=\"article\" \/>\n<meta property=\"og:title\" content=\"M\u00e9todos de pago\" \/>\n<meta property=\"og:description\" content=\"TopRentApp: m\u00e9todos de pago disponibles\" \/>\n<meta property=\"og:url\" content=\"https:\/\/toprentapp.com\/es\/metodos-de-pago\" \/>\n<meta property=\"og:site_name\" content=\"TopRentApp\" \/>\n<meta property=\"article:publisher\" content=\"https:\/\/www.facebook.com\/toprentappitalia\/\" \/>\n<meta property=\"article:modified_time\" content=\"2024-05-24T11:08:20+00:00\" \/>\n<meta property=\"og:image\" content=\"https:\/\/toprentapp.com\/wp-content\/uploads\/2024\/01\/credit18.png\" \/>\n<meta name=\"twitter:card\" content=\"summary_large_image\" \/>\n<script type=\"application\/ld+json\" class=\"yoast-schema-graph\">{\"@context\":\"https:\\\/\\\/schema.org\",\"@graph\":[{\"@type\":\"WebPage\",\"@id\":\"https:\\\/\\\/toprentapp.com\\\/es\\\/metodos-de-pago\",\"url\":\"https:\\\/\\\/toprentapp.com\\\/es\\\/metodos-de-pago\",\"name\":\"M\u00e9todos de pago\",\"isPartOf\":{\"@id\":\"https:\\\/\\\/toprentapp.com\\\/es#website\"},\"primaryImageOfPage\":{\"@id\":\"https:\\\/\\\/toprentapp.com\\\/es\\\/metodos-de-pago#primaryimage\"},\"image\":{\"@id\":\"https:\\\/\\\/toprentapp.com\\\/es\\\/metodos-de-pago#primaryimage\"},\"thumbnailUrl\":\"https:\\\/\\\/toprentapp.com\\\/wp-content\\\/uploads\\\/2024\\\/01\\\/credit18.png\",\"datePublished\":\"2023-12-28T13:28:57+00:00\",\"dateModified\":\"2024-05-24T11:08:20+00:00\",\"description\":\"TopRentApp: m\u00e9todos de pago disponibles\",\"breadcrumb\":{\"@id\":\"https:\\\/\\\/toprentapp.com\\\/es\\\/metodos-de-pago#breadcrumb\"},\"inLanguage\":\"es\",\"potentialAction\":[{\"@type\":\"ReadAction\",\"target\":[\"https:\\\/\\\/toprentapp.com\\\/es\\\/metodos-de-pago\"]}]},{\"@type\":\"ImageObject\",\"inLanguage\":\"es\",\"@id\":\"https:\\\/\\\/toprentapp.com\\\/es\\\/metodos-de-pago#primaryimage\",\"url\":\"https:\\\/\\\/toprentapp.com\\\/wp-content\\\/uploads\\\/2024\\\/01\\\/credit18.png\",\"contentUrl\":\"https:\\\/\\\/toprentapp.com\\\/wp-content\\\/uploads\\\/2024\\\/01\\\/credit18.png\"},{\"@type\":\"BreadcrumbList\",\"@id\":\"https:\\\/\\\/toprentapp.com\\\/es\\\/metodos-de-pago#breadcrumb\",\"itemListElement\":[{\"@type\":\"ListItem\",\"position\":1,\"name\":\"Home\",\"item\":\"https:\\\/\\\/toprentapp.com\\\/es\"},{\"@type\":\"ListItem\",\"position\":2,\"name\":\"M\u00e9todos de pago\"}]},{\"@type\":\"WebSite\",\"@id\":\"https:\\\/\\\/toprentapp.com\\\/es#website\",\"url\":\"https:\\\/\\\/toprentapp.com\\\/es\",\"name\":\"TopRentApp\",\"description\":\"Car Rental Management Software &amp; CRM Solution\",\"publisher\":{\"@id\":\"https:\\\/\\\/toprentapp.com\\\/es#organization\"},\"potentialAction\":[{\"@type\":\"SearchAction\",\"target\":{\"@type\":\"EntryPoint\",\"urlTemplate\":\"https:\\\/\\\/toprentapp.com\\\/es?s={search_term_string}\"},\"query-input\":{\"@type\":\"PropertyValueSpecification\",\"valueRequired\":true,\"valueName\":\"search_term_string\"}}],\"inLanguage\":\"es\"},{\"@type\":\"Organization\",\"@id\":\"https:\\\/\\\/toprentapp.com\\\/es#organization\",\"name\":\"TopRentApp\",\"url\":\"https:\\\/\\\/toprentapp.com\\\/es\",\"logo\":{\"@type\":\"ImageObject\",\"inLanguage\":\"es\",\"@id\":\"https:\\\/\\\/toprentapp.com\\\/es#\\\/schema\\\/logo\\\/image\\\/\",\"url\":\"https:\\\/\\\/toprentapp.com\\\/wp-content\\\/uploads\\\/2024\\\/01\\\/logo.png\",\"contentUrl\":\"https:\\\/\\\/toprentapp.com\\\/wp-content\\\/uploads\\\/2024\\\/01\\\/logo.png\",\"width\":275,\"height\":36,\"caption\":\"TopRentApp\"},\"image\":{\"@id\":\"https:\\\/\\\/toprentapp.com\\\/es#\\\/schema\\\/logo\\\/image\\\/\"},\"sameAs\":[\"https:\\\/\\\/www.facebook.com\\\/toprentappitalia\\\/\",\"https:\\\/\\\/www.instagram.com\\\/toprentappitalia\\\/\"]}]}<\/script>\n<!-- \/ Yoast SEO plugin. -->","yoast_head_json":{"title":"M\u00e9todos de pago","description":"TopRentApp: m\u00e9todos de pago disponibles","robots":{"index":"index","follow":"follow","max-snippet":"max-snippet:-1","max-image-preview":"max-image-preview:large","max-video-preview":"max-video-preview:-1"},"canonical":"https:\/\/toprentapp.com\/es\/metodos-de-pago","og_locale":"es_ES","og_type":"article","og_title":"M\u00e9todos de pago","og_description":"TopRentApp: m\u00e9todos de pago disponibles","og_url":"https:\/\/toprentapp.com\/es\/metodos-de-pago","og_site_name":"TopRentApp","article_publisher":"https:\/\/www.facebook.com\/toprentappitalia\/","article_modified_time":"2024-05-24T11:08:20+00:00","og_image":[{"url":"https:\/\/toprentapp.com\/wp-content\/uploads\/2024\/01\/credit18.png","type":"","width":"","height":""}],"twitter_card":"summary_large_image","schema":{"@context":"https:\/\/schema.org","@graph":[{"@type":"WebPage","@id":"https:\/\/toprentapp.com\/es\/metodos-de-pago","url":"https:\/\/toprentapp.com\/es\/metodos-de-pago","name":"M\u00e9todos de pago","isPartOf":{"@id":"https:\/\/toprentapp.com\/es#website"},"primaryImageOfPage":{"@id":"https:\/\/toprentapp.com\/es\/metodos-de-pago#primaryimage"},"image":{"@id":"https:\/\/toprentapp.com\/es\/metodos-de-pago#primaryimage"},"thumbnailUrl":"https:\/\/toprentapp.com\/wp-content\/uploads\/2024\/01\/credit18.png","datePublished":"2023-12-28T13:28:57+00:00","dateModified":"2024-05-24T11:08:20+00:00","description":"TopRentApp: m\u00e9todos de pago disponibles","breadcrumb":{"@id":"https:\/\/toprentapp.com\/es\/metodos-de-pago#breadcrumb"},"inLanguage":"es","potentialAction":[{"@type":"ReadAction","target":["https:\/\/toprentapp.com\/es\/metodos-de-pago"]}]},{"@type":"ImageObject","inLanguage":"es","@id":"https:\/\/toprentapp.com\/es\/metodos-de-pago#primaryimage","url":"https:\/\/toprentapp.com\/wp-content\/uploads\/2024\/01\/credit18.png","contentUrl":"https:\/\/toprentapp.com\/wp-content\/uploads\/2024\/01\/credit18.png"},{"@type":"BreadcrumbList","@id":"https:\/\/toprentapp.com\/es\/metodos-de-pago#breadcrumb","itemListElement":[{"@type":"ListItem","position":1,"name":"Home","item":"https:\/\/toprentapp.com\/es"},{"@type":"ListItem","position":2,"name":"M\u00e9todos de pago"}]},{"@type":"WebSite","@id":"https:\/\/toprentapp.com\/es#website","url":"https:\/\/toprentapp.com\/es","name":"TopRentApp","description":"Car Rental Management Software &amp; CRM Solution","publisher":{"@id":"https:\/\/toprentapp.com\/es#organization"},"potentialAction":[{"@type":"SearchAction","target":{"@type":"EntryPoint","urlTemplate":"https:\/\/toprentapp.com\/es?s={search_term_string}"},"query-input":{"@type":"PropertyValueSpecification","valueRequired":true,"valueName":"search_term_string"}}],"inLanguage":"es"},{"@type":"Organization","@id":"https:\/\/toprentapp.com\/es#organization","name":"TopRentApp","url":"https:\/\/toprentapp.com\/es","logo":{"@type":"ImageObject","inLanguage":"es","@id":"https:\/\/toprentapp.com\/es#\/schema\/logo\/image\/","url":"https:\/\/toprentapp.com\/wp-content\/uploads\/2024\/01\/logo.png","contentUrl":"https:\/\/toprentapp.com\/wp-content\/uploads\/2024\/01\/logo.png","width":275,"height":36,"caption":"TopRentApp"},"image":{"@id":"https:\/\/toprentapp.com\/es#\/schema\/logo\/image\/"},"sameAs":["https:\/\/www.facebook.com\/toprentappitalia\/","https:\/\/www.instagram.com\/toprentappitalia\/"]}]}},"_links":{"self":[{"href":"https:\/\/toprentapp.com\/es\/wp-json\/wp\/v2\/pages\/27283","targetHints":{"allow":["GET"]}}],"collection":[{"href":"https:\/\/toprentapp.com\/es\/wp-json\/wp\/v2\/pages"}],"about":[{"href":"https:\/\/toprentapp.com\/es\/wp-json\/wp\/v2\/types\/page"}],"author":[{"embeddable":true,"href":"https:\/\/toprentapp.com\/es\/wp-json\/wp\/v2\/users\/4"}],"replies":[{"embeddable":true,"href":"https:\/\/toprentapp.com\/es\/wp-json\/wp\/v2\/comments?post=27283"}],"version-history":[{"count":0,"href":"https:\/\/toprentapp.com\/es\/wp-json\/wp\/v2\/pages\/27283\/revisions"}],"wp:attachment":[{"href":"https:\/\/toprentapp.com\/es\/wp-json\/wp\/v2\/media?parent=27283"}],"curies":[{"name":"wp","href":"https:\/\/api.w.org\/{rel}","templated":true}]}}